{"id":215,"date":"2016-11-22T15:27:20","date_gmt":"2016-11-22T15:27:20","guid":{"rendered":"http:\/\/www.mayoretty.com\/?page_id=215"},"modified":"2019-04-18T18:29:25","modified_gmt":"2019-04-18T16:29:25","slug":"mayoretty-canal-tv","status":"publish","type":"page","link":"https:\/\/www.mayoretty.com\/?page_id=215","title":{"rendered":"Mayoretty Canal TV"},"content":{"rendered":"<h1 style=\"text-align: center;\"><\/h1>\n<p><a href=\"http:\/\/www.mayoretty.com\/wp-content\/uploads\/2019\/04\/tv2-01.jpg\"><img loading=\"lazy\" decoding=\"async\" class=\"alignnone size-full wp-image-484\" src=\"http:\/\/www.mayoretty.com\/wp-content\/uploads\/2019\/04\/tv2-01.jpg\" alt=\"tv2-01\" width=\"1251\" height=\"418\" srcset=\"https:\/\/www.mayoretty.com\/wp-content\/uploads\/2019\/04\/tv2-01.jpg 1251w, https:\/\/www.mayoretty.com\/wp-content\/uploads\/2019\/04\/tv2-01-300x100.jpg 300w, https:\/\/www.mayoretty.com\/wp-content\/uploads\/2019\/04\/tv2-01-1024x342.jpg 1024w\" sizes=\"auto, (max-width: 1251px) 100vw, 1251px\" \/><\/a><\/p>\n<h1 style=\"text-align: center;\">El <span style=\"color: #f6323e;\">MAYOR canal de COMUNICACI\u00d3N<\/span> a trav\u00e9s de pantallas de TV en <span style=\"color: #f6323e;\">centros de fitness y wellness<\/span> de Espa\u00f1a.<\/h1>\n<hr \/>\n<p>&nbsp;<\/p>\n<ul>\n<li>El <span style=\"color: #f6323e;\"><strong>Digital Signage<\/strong><\/span> especialista en el sector deportivo, somos el <strong><span style=\"color: #f6323e;\">\u00fanico operador especialista<\/span><\/strong> del mercado.<\/li>\n<\/ul>\n<hr \/>\n<p>&nbsp;<\/p>\n<ul>\n<li><span style=\"color: #f6323e;\"><strong>Canal personalizado<\/strong><\/span> para cada centro deportivo. En funci\u00f3n de sus objetivos de comunicaci\u00f3n y marketing.<\/li>\n<\/ul>\n<hr \/>\n<p>&nbsp;<\/p>\n<ul>\n<li><span style=\"color: #f6323e;\"><strong>Ayudamos<\/strong><\/span> a los centros de fitness en su <strong><span style=\"color: #f6323e;\">plan de comunicaci\u00f3n y marketing<\/span><\/strong>. Somos un equipo y herramienta de soporte para\u00a0el centro deportivo.<\/li>\n<\/ul>\n<hr \/>\n<p>&nbsp;<\/p>\n<ul>\n<li>Os ayudamos a tener un canal informativo <span style=\"color: #f6323e;\"><strong>\u00e1gil, din\u00e1mico y atractivo<\/strong><\/span> para vuestro cliente.<\/li>\n<\/ul>\n<hr \/>\n<p>&nbsp;<\/p>\n<ul>\n<li><strong><span style=\"color: #f6323e;\">Multi-usuario<\/span><\/strong> online para permitir la m\u00faltiple nutrici\u00f3n de contenidos del canal.<\/li>\n<\/ul>\n<hr \/>\n<p>&nbsp;<\/p>\n<ul>\n<li><strong><span style=\"color: #f6323e;\">Segmentaci\u00f3n informativa<\/span><\/strong>: horario, centro\u00a0deportivo, ubicaci\u00f3n.<\/li>\n<\/ul>\n<hr \/>\n<p>&nbsp;<\/p>\n<ul>\n<li><strong><span style=\"color: #f6323e;\">Planificaci\u00f3n<\/span><\/strong>: automatizaci\u00f3n de la activaci\u00f3n y desactivaci\u00f3n de los contenidos en emisi\u00f3n.<\/li>\n<\/ul>\n<hr \/>\n<p>&nbsp;<\/p>\n<ul>\n<li>M\u00faltiple distribuci\u00f3n de los contenidos en <span style=\"color: #f6323e;\"><strong>m\u00faltiples plataformas<\/strong><\/span>: web, facebook, twitter&#8230;<\/li>\n<\/ul>\n<hr \/>\n<p>&nbsp;<\/p>\n<ul>\n<li>Espacio en la programaci\u00f3n para contenidos publicitarios para sacar <span style=\"color: #f6323e;\"><strong>rendimiento econ\u00f3mico<\/strong><\/span> al canal.<\/li>\n<\/ul>\n<p>&nbsp;<\/p>\n<h2 style=\"text-align: left;\">QUIERES FORMAR PARTE DE NUESTRA PLATAFORMA? <a title=\"Preparados, listos\u2026\" href=\"http:\/\/www.mayoretty.com\/?page_id=256\"><span style=\"text-decoration: underline;\">CONTACTA<\/span><\/a><\/h2>\n","protected":false},"excerpt":{"rendered":"<p>El MAYOR canal de COMUNICACI\u00d3N a trav\u00e9s de pantallas de TV en centros de fitness y wellness de Espa\u00f1a. &nbsp; El Digital Signage especialista en el sector deportivo, somos el \u00fanico operador especialista del mercado. &nbsp; Canal personalizado para cada centro deportivo. En funci\u00f3n de sus objetivos de comunicaci\u00f3n y marketing. &nbsp; Ayudamos a los [&hellip;]<\/p>\n","protected":false},"author":1,"featured_media":0,"parent":0,"menu_order":0,"comment_status":"closed","ping_status":"closed","template":"","meta":{"footnotes":""},"class_list":["post-215","page","type-page","status-publish","czr-hentry"],"yoast_head":"<!-- This site is optimized with the Yoast SEO plugin v27.4 - https:\/\/yoast.com\/product\/yoast-seo-wordpress\/ -->\n<title>Mayoretty Canal TV - La mayor plataforma de comunicaci\u00f3n y publicidad en centros de fitness y wellness<\/title>\n<meta name=\"robots\" content=\"index, follow, max-snippet:-1, max-image-preview:large, max-video-preview:-1\" \/>\n<link rel=\"canonical\" href=\"https:\/\/www.mayoretty.com\/?page_id=215\" \/>\n<meta property=\"og:locale\" content=\"es_ES\" \/>\n<meta property=\"og:type\" content=\"article\" \/>\n<meta property=\"og:title\" content=\"Mayoretty Canal TV - La mayor plataforma de comunicaci\u00f3n y publicidad en centros de fitness y wellness\" \/>\n<meta property=\"og:description\" content=\"El MAYOR canal de COMUNICACI\u00d3N a trav\u00e9s de pantallas de TV en centros de fitness y wellness de Espa\u00f1a. &nbsp; El Digital Signage especialista en el sector deportivo, somos el \u00fanico operador especialista del mercado. &nbsp; Canal personalizado para cada centro deportivo. En funci\u00f3n de sus objetivos de comunicaci\u00f3n y marketing. &nbsp; Ayudamos a los [&hellip;]\" \/>\n<meta property=\"og:url\" content=\"https:\/\/www.mayoretty.com\/?page_id=215\" \/>\n<meta property=\"og:site_name\" content=\"La mayor plataforma de comunicaci\u00f3n y publicidad en centros de fitness y wellness\" \/>\n<meta property=\"article:modified_time\" content=\"2019-04-18T16:29:25+00:00\" \/>\n<meta property=\"og:image\" content=\"https:\/\/www.mayoretty.com\/wp-content\/uploads\/2019\/04\/tv2-01.jpg\" \/>\n\t<meta property=\"og:image:width\" content=\"1251\" \/>\n\t<meta property=\"og:image:height\" content=\"418\" \/>\n\t<meta property=\"og:image:type\" content=\"image\/jpeg\" \/>\n<meta name=\"twitter:card\" content=\"summary_large_image\" \/>\n<meta name=\"twitter:label1\" content=\"Tiempo de lectura\" \/>\n\t<meta name=\"twitter:data1\" content=\"1 minuto\" \/>\n<script type=\"application\/ld+json\" class=\"yoast-schema-graph\">{\"@context\":\"https:\\\/\\\/schema.org\",\"@graph\":[{\"@type\":\"WebPage\",\"@id\":\"https:\\\/\\\/www.mayoretty.com\\\/?page_id=215\",\"url\":\"https:\\\/\\\/www.mayoretty.com\\\/?page_id=215\",\"name\":\"Mayoretty Canal TV - La mayor plataforma de comunicaci\u00f3n y publicidad en centros de fitness y wellness\",\"isPartOf\":{\"@id\":\"https:\\\/\\\/www.mayoretty.com\\\/#website\"},\"primaryImageOfPage\":{\"@id\":\"https:\\\/\\\/www.mayoretty.com\\\/?page_id=215#primaryimage\"},\"image\":{\"@id\":\"https:\\\/\\\/www.mayoretty.com\\\/?page_id=215#primaryimage\"},\"thumbnailUrl\":\"http:\\\/\\\/www.mayoretty.com\\\/wp-content\\\/uploads\\\/2019\\\/04\\\/tv2-01.jpg\",\"datePublished\":\"2016-11-22T15:27:20+00:00\",\"dateModified\":\"2019-04-18T16:29:25+00:00\",\"breadcrumb\":{\"@id\":\"https:\\\/\\\/www.mayoretty.com\\\/?page_id=215#breadcrumb\"},\"inLanguage\":\"es\",\"potentialAction\":[{\"@type\":\"ReadAction\",\"target\":[\"https:\\\/\\\/www.mayoretty.com\\\/?page_id=215\"]}]},{\"@type\":\"ImageObject\",\"inLanguage\":\"es\",\"@id\":\"https:\\\/\\\/www.mayoretty.com\\\/?page_id=215#primaryimage\",\"url\":\"http:\\\/\\\/www.mayoretty.com\\\/wp-content\\\/uploads\\\/2019\\\/04\\\/tv2-01.jpg\",\"contentUrl\":\"http:\\\/\\\/www.mayoretty.com\\\/wp-content\\\/uploads\\\/2019\\\/04\\\/tv2-01.jpg\"},{\"@type\":\"BreadcrumbList\",\"@id\":\"https:\\\/\\\/www.mayoretty.com\\\/?page_id=215#breadcrumb\",\"itemListElement\":[{\"@type\":\"ListItem\",\"position\":1,\"name\":\"Portada\",\"item\":\"https:\\\/\\\/www.mayoretty.com\\\/\"},{\"@type\":\"ListItem\",\"position\":2,\"name\":\"Mayoretty Canal TV\"}]},{\"@type\":\"WebSite\",\"@id\":\"https:\\\/\\\/www.mayoretty.com\\\/#website\",\"url\":\"https:\\\/\\\/www.mayoretty.com\\\/\",\"name\":\"La mayor plataforma de comunicaci\u00f3n y publicidad en centros de fitness y wellness\",\"description\":\"La mayor plataforma de comunicaci\u00f3n y publicidad en sector deportivo\",\"publisher\":{\"@id\":\"https:\\\/\\\/www.mayoretty.com\\\/#organization\"},\"potentialAction\":[{\"@type\":\"SearchAction\",\"target\":{\"@type\":\"EntryPoint\",\"urlTemplate\":\"https:\\\/\\\/www.mayoretty.com\\\/?s={search_term_string}\"},\"query-input\":{\"@type\":\"PropertyValueSpecification\",\"valueRequired\":true,\"valueName\":\"search_term_string\"}}],\"inLanguage\":\"es\"},{\"@type\":\"Organization\",\"@id\":\"https:\\\/\\\/www.mayoretty.com\\\/#organization\",\"name\":\"La mayor plataforma de comunicaci\u00f3n y publicidad en centros de fitness y wellness\",\"url\":\"https:\\\/\\\/www.mayoretty.com\\\/\",\"logo\":{\"@type\":\"ImageObject\",\"inLanguage\":\"es\",\"@id\":\"https:\\\/\\\/www.mayoretty.com\\\/#\\\/schema\\\/logo\\\/image\\\/\",\"url\":\"https:\\\/\\\/www.mayoretty.com\\\/wp-content\\\/uploads\\\/2020\\\/06\\\/cropped-logo_complet-01.png\",\"contentUrl\":\"https:\\\/\\\/www.mayoretty.com\\\/wp-content\\\/uploads\\\/2020\\\/06\\\/cropped-logo_complet-01.png\",\"width\":854,\"height\":329,\"caption\":\"La mayor plataforma de comunicaci\u00f3n y publicidad en centros de fitness y wellness\"},\"image\":{\"@id\":\"https:\\\/\\\/www.mayoretty.com\\\/#\\\/schema\\\/logo\\\/image\\\/\"}}]}<\/script>\n<!-- \/ Yoast SEO plugin. -->","yoast_head_json":{"title":"Mayoretty Canal TV - La mayor plataforma de comunicaci\u00f3n y publicidad en centros de fitness y wellness","robots":{"index":"index","follow":"follow","max-snippet":"max-snippet:-1","max-image-preview":"max-image-preview:large","max-video-preview":"max-video-preview:-1"},"canonical":"https:\/\/www.mayoretty.com\/?page_id=215","og_locale":"es_ES","og_type":"article","og_title":"Mayoretty Canal TV - La mayor plataforma de comunicaci\u00f3n y publicidad en centros de fitness y wellness","og_description":"El MAYOR canal de COMUNICACI\u00d3N a trav\u00e9s de pantallas de TV en centros de fitness y wellness de Espa\u00f1a. &nbsp; El Digital Signage especialista en el sector deportivo, somos el \u00fanico operador especialista del mercado. &nbsp; Canal personalizado para cada centro deportivo. En funci\u00f3n de sus objetivos de comunicaci\u00f3n y marketing. &nbsp; Ayudamos a los [&hellip;]","og_url":"https:\/\/www.mayoretty.com\/?page_id=215","og_site_name":"La mayor plataforma de comunicaci\u00f3n y publicidad en centros de fitness y wellness","article_modified_time":"2019-04-18T16:29:25+00:00","og_image":[{"width":1251,"height":418,"url":"https:\/\/www.mayoretty.com\/wp-content\/uploads\/2019\/04\/tv2-01.jpg","type":"image\/jpeg"}],"twitter_card":"summary_large_image","twitter_misc":{"Tiempo de lectura":"1 minuto"},"schema":{"@context":"https:\/\/schema.org","@graph":[{"@type":"WebPage","@id":"https:\/\/www.mayoretty.com\/?page_id=215","url":"https:\/\/www.mayoretty.com\/?page_id=215","name":"Mayoretty Canal TV - La mayor plataforma de comunicaci\u00f3n y publicidad en centros de fitness y wellness","isPartOf":{"@id":"https:\/\/www.mayoretty.com\/#website"},"primaryImageOfPage":{"@id":"https:\/\/www.mayoretty.com\/?page_id=215#primaryimage"},"image":{"@id":"https:\/\/www.mayoretty.com\/?page_id=215#primaryimage"},"thumbnailUrl":"http:\/\/www.mayoretty.com\/wp-content\/uploads\/2019\/04\/tv2-01.jpg","datePublished":"2016-11-22T15:27:20+00:00","dateModified":"2019-04-18T16:29:25+00:00","breadcrumb":{"@id":"https:\/\/www.mayoretty.com\/?page_id=215#breadcrumb"},"inLanguage":"es","potentialAction":[{"@type":"ReadAction","target":["https:\/\/www.mayoretty.com\/?page_id=215"]}]},{"@type":"ImageObject","inLanguage":"es","@id":"https:\/\/www.mayoretty.com\/?page_id=215#primaryimage","url":"http:\/\/www.mayoretty.com\/wp-content\/uploads\/2019\/04\/tv2-01.jpg","contentUrl":"http:\/\/www.mayoretty.com\/wp-content\/uploads\/2019\/04\/tv2-01.jpg"},{"@type":"BreadcrumbList","@id":"https:\/\/www.mayoretty.com\/?page_id=215#breadcrumb","itemListElement":[{"@type":"ListItem","position":1,"name":"Portada","item":"https:\/\/www.mayoretty.com\/"},{"@type":"ListItem","position":2,"name":"Mayoretty Canal TV"}]},{"@type":"WebSite","@id":"https:\/\/www.mayoretty.com\/#website","url":"https:\/\/www.mayoretty.com\/","name":"La mayor plataforma de comunicaci\u00f3n y publicidad en centros de fitness y wellness","description":"La mayor plataforma de comunicaci\u00f3n y publicidad en sector deportivo","publisher":{"@id":"https:\/\/www.mayoretty.com\/#organization"},"potentialAction":[{"@type":"SearchAction","target":{"@type":"EntryPoint","urlTemplate":"https:\/\/www.mayoretty.com\/?s={search_term_string}"},"query-input":{"@type":"PropertyValueSpecification","valueRequired":true,"valueName":"search_term_string"}}],"inLanguage":"es"},{"@type":"Organization","@id":"https:\/\/www.mayoretty.com\/#organization","name":"La mayor plataforma de comunicaci\u00f3n y publicidad en centros de fitness y wellness","url":"https:\/\/www.mayoretty.com\/","logo":{"@type":"ImageObject","inLanguage":"es","@id":"https:\/\/www.mayoretty.com\/#\/schema\/logo\/image\/","url":"https:\/\/www.mayoretty.com\/wp-content\/uploads\/2020\/06\/cropped-logo_complet-01.png","contentUrl":"https:\/\/www.mayoretty.com\/wp-content\/uploads\/2020\/06\/cropped-logo_complet-01.png","width":854,"height":329,"caption":"La mayor plataforma de comunicaci\u00f3n y publicidad en centros de fitness y wellness"},"image":{"@id":"https:\/\/www.mayoretty.com\/#\/schema\/logo\/image\/"}}]}},"jetpack_sharing_enabled":true,"jetpack_shortlink":"https:\/\/wp.me\/P5CDwf-3t","jetpack_likes_enabled":true,"_links":{"self":[{"href":"https:\/\/www.mayoretty.com\/index.php?rest_route=\/wp\/v2\/pages\/215","targetHints":{"allow":["GET"]}}],"collection":[{"href":"https:\/\/www.mayoretty.com\/index.php?rest_route=\/wp\/v2\/pages"}],"about":[{"href":"https:\/\/www.mayoretty.com\/index.php?rest_route=\/wp\/v2\/types\/page"}],"author":[{"embeddable":true,"href":"https:\/\/www.mayoretty.com\/index.php?rest_route=\/wp\/v2\/users\/1"}],"replies":[{"embeddable":true,"href":"https:\/\/www.mayoretty.com\/index.php?rest_route=%2Fwp%2Fv2%2Fcomments&post=215"}],"version-history":[{"count":12,"href":"https:\/\/www.mayoretty.com\/index.php?rest_route=\/wp\/v2\/pages\/215\/revisions"}],"predecessor-version":[{"id":514,"href":"https:\/\/www.mayoretty.com\/index.php?rest_route=\/wp\/v2\/pages\/215\/revisions\/514"}],"wp:attachment":[{"href":"https:\/\/www.mayoretty.com\/index.php?rest_route=%2Fwp%2Fv2%2Fmedia&parent=215"}],"curies":[{"name":"wp","href":"https:\/\/api.w.org\/{rel}","templated":true}]}}