{"id":218,"date":"2016-11-22T15:52:54","date_gmt":"2016-11-22T15:52:54","guid":{"rendered":"http:\/\/www.mayoretty.com\/?page_id=218"},"modified":"2018-04-06T12:56:39","modified_gmt":"2018-04-06T10:56:39","slug":"publicidad","status":"publish","type":"page","link":"https:\/\/www.mayoretty.com\/?page_id=218","title":{"rendered":"Sector publicitario"},"content":{"rendered":"<h1 style=\"text-align: center;\"><a href=\"http:\/\/www.mayoretty.com\/wp-content\/uploads\/2016\/11\/SECTOR-DEPORTIVO-011.png\"><img loading=\"lazy\" decoding=\"async\" class=\"alignnone size-full wp-image-325\" src=\"http:\/\/www.mayoretty.com\/wp-content\/uploads\/2016\/11\/SECTOR-DEPORTIVO-011.png\" alt=\"SECTOR DEPORTIVO-01\" width=\"333\" height=\"332\" srcset=\"https:\/\/www.mayoretty.com\/wp-content\/uploads\/2016\/11\/SECTOR-DEPORTIVO-011.png 333w, https:\/\/www.mayoretty.com\/wp-content\/uploads\/2016\/11\/SECTOR-DEPORTIVO-011-150x150.png 150w, https:\/\/www.mayoretty.com\/wp-content\/uploads\/2016\/11\/SECTOR-DEPORTIVO-011-300x300.png 300w\" sizes=\"auto, (max-width: 333px) 100vw, 333px\" \/><\/a><\/h1>\n<h1 style=\"text-align: center;\">Somos propietarios de la mayor plataforma de publicidad\u00a0en el <span style=\"color: #f6323e;\">sector deportivo, fitness y wellness<\/span> de Espa\u00f1a.<\/h1>\n<hr \/>\n<div class=\"page\" title=\"Page 3\">\n<div class=\"layoutArea\">\n<div class=\"column\">\n<h2><span style=\"color: #ff0000;\">Porqu\u00e9<\/span> es una plataforma y un sector de <span style=\"color: #ff0000;\">\u00e9xito<\/span>?<\/h2>\n<p><span style=\"color: #ff0000;\">UNO<\/span>&#8230;Tenemos un <span style=\"color: #ff0000;\">target IDEAL<\/span> para gran cantidad de marcas sean del sector deportivo o de cualquier otro sector&#8230;.porque&#8230;<\/p>\n<p><span style=\"color: #ff0000;\">DOS<\/span>&#8230;tenemos una <span style=\"color: #ff0000;\">audiencia<\/span> totalmente <span style=\"color: #ff0000;\">controlada<\/span>. Conocemos todos sus datos, ha\u0301bitos de consumo, poder adquisitivo&#8230;y adema\u0301s&#8230;<\/p>\n<p><span style=\"color: #ff0000;\">TRES<\/span>&#8230;tenemos una <span style=\"color: #ff0000;\">plataforma publicitaria<\/span> que contacta con la audiencia en el <span style=\"color: #ff0000;\">mejor momento<\/span> del di\u0301a&#8230;\u201dcuando se esta\u0301n cuidando y en un lugar donde escuchan con elevado intere\u0301s todo lo que se les propone\u201d<\/p>\n<p>&nbsp;<\/p>\n<h2>Nuestra audiencia!!! <span style=\"color: #ff0000;\">ideal<\/span> para cualquier marca<\/h2>\n<p><span style=\"color: #ff0000;\">UNO<\/span>&#8230;<strong><span style=\"text-decoration: underline;\">vida saludable<\/span><\/strong>&#8230;(hacen deporte, se cuidan, cuidan su alimentaci\u00f3n, cuidan de su salud y de la de los suyos&#8230;)<\/p>\n<p><span style=\"color: #ff0000;\">DOS<\/span>&#8230;<strong><span style=\"text-decoration: underline;\">vida social<\/span><\/strong>&#8230;(en compa\u00f1\u00eda de los suyos, ocio, turismo, tecnolog\u00eda, belleza&#8230;)<\/p>\n<p><span style=\"color: #ff0000;\">TRES<\/span>&#8230;<span style=\"text-decoration: underline;\"><strong>vida urbana<\/strong><\/span>&#8230;(disfrutan de su tiempo libre, concienciaci\u00f3n con el medio ambiente&#8230;)<\/p>\n<p><span style=\"color: #ff0000;\">CUATRO<\/span>&#8230;<strong><span style=\"text-decoration: underline;\">innovadores<\/span><\/strong>&#8230;(amantes de la nuevas tecnolog\u00edas y se informan a trav\u00e9s de ellas&#8230;)<\/p>\n<p><span style=\"color: #ff0000;\">CINCO<\/span>&#8230;<span style=\"text-decoration: underline;\"><strong>tendencias<\/strong><\/span>&#8230;(prescriptores, influenciadores, marquistas, en formaci\u00f3n constante&#8230;)<\/p>\n<h2><\/h2>\n<h2><\/h2>\n<h2><span style=\"text-decoration: underline;\">APTO<\/span> para todas las marcas\/productos sean o no del sector deportivo<\/h2>\n<p>&nbsp;<\/p>\n<hr \/>\n<h2><\/h2>\n<h2 style=\"text-align: center;\">Conocemos el sector, conocemos su p\u00fablico&#8230;<\/h2>\n<h1 style=\"text-align: center;\">&#8230;sabemos c\u00f3mo <span style=\"color: #f6323e;\">HABLAR<\/span>\u00a0con su\u00a0<span style=\"color: #f6323e;\">AUDIENCIA<\/span><\/h1>\n<p style=\"text-align: right;\"><a title=\"Cobertura\" href=\"http:\/\/www.mayoretty.com\/?page_id=243\"><strong><em>SEGUIR&#8230;<\/em><\/strong><\/a><\/p>\n<\/div>\n<\/div>\n<\/div>\n","protected":false},"excerpt":{"rendered":"<p>Somos propietarios de la mayor plataforma de publicidad\u00a0en el sector deportivo, fitness y wellness de Espa\u00f1a. Porqu\u00e9 es una plataforma y un sector de \u00e9xito? UNO&#8230;Tenemos un target IDEAL para gran cantidad de marcas sean del sector deportivo o de cualquier otro sector&#8230;.porque&#8230; DOS&#8230;tenemos una audiencia totalmente controlada. Conocemos todos sus datos, ha\u0301bitos de consumo, [&hellip;]<\/p>\n","protected":false},"author":1,"featured_media":0,"parent":0,"menu_order":0,"comment_status":"closed","ping_status":"closed","template":"","meta":{"footnotes":""},"class_list":["post-218","page","type-page","status-publish","czr-hentry"],"yoast_head":"<!-- This site is optimized with the Yoast SEO plugin v27.4 - https:\/\/yoast.com\/product\/yoast-seo-wordpress\/ -->\n<title>Sector publicitario - La mayor plataforma de comunicaci\u00f3n y publicidad en centros de fitness y wellness<\/title>\n<meta name=\"robots\" content=\"index, follow, max-snippet:-1, max-image-preview:large, max-video-preview:-1\" \/>\n<link rel=\"canonical\" href=\"https:\/\/www.mayoretty.com\/?page_id=218\" \/>\n<meta property=\"og:locale\" content=\"es_ES\" \/>\n<meta property=\"og:type\" content=\"article\" \/>\n<meta property=\"og:title\" content=\"Sector publicitario - La mayor plataforma de comunicaci\u00f3n y publicidad en centros de fitness y wellness\" \/>\n<meta property=\"og:description\" content=\"Somos propietarios de la mayor plataforma de publicidad\u00a0en el sector deportivo, fitness y wellness de Espa\u00f1a. Porqu\u00e9 es una plataforma y un sector de \u00e9xito? UNO&#8230;Tenemos un target IDEAL para gran cantidad de marcas sean del sector deportivo o de cualquier otro sector&#8230;.porque&#8230; DOS&#8230;tenemos una audiencia totalmente controlada. Conocemos todos sus datos, ha\u0301bitos de consumo, [&hellip;]\" \/>\n<meta property=\"og:url\" content=\"https:\/\/www.mayoretty.com\/?page_id=218\" \/>\n<meta property=\"og:site_name\" content=\"La mayor plataforma de comunicaci\u00f3n y publicidad en centros de fitness y wellness\" \/>\n<meta property=\"article:modified_time\" content=\"2018-04-06T10:56:39+00:00\" \/>\n<meta property=\"og:image\" content=\"https:\/\/www.mayoretty.com\/wp-content\/uploads\/2016\/11\/SECTOR-DEPORTIVO-011.png\" \/>\n\t<meta property=\"og:image:width\" content=\"333\" \/>\n\t<meta property=\"og:image:height\" content=\"332\" \/>\n\t<meta property=\"og:image:type\" content=\"image\/png\" \/>\n<meta name=\"twitter:card\" content=\"summary_large_image\" \/>\n<meta name=\"twitter:label1\" content=\"Tiempo de lectura\" \/>\n\t<meta name=\"twitter:data1\" content=\"1 minuto\" \/>\n<script type=\"application\/ld+json\" class=\"yoast-schema-graph\">{\"@context\":\"https:\\\/\\\/schema.org\",\"@graph\":[{\"@type\":\"WebPage\",\"@id\":\"https:\\\/\\\/www.mayoretty.com\\\/?page_id=218\",\"url\":\"https:\\\/\\\/www.mayoretty.com\\\/?page_id=218\",\"name\":\"Sector publicitario - La mayor plataforma de comunicaci\u00f3n y publicidad en centros de fitness y wellness\",\"isPartOf\":{\"@id\":\"https:\\\/\\\/www.mayoretty.com\\\/#website\"},\"primaryImageOfPage\":{\"@id\":\"https:\\\/\\\/www.mayoretty.com\\\/?page_id=218#primaryimage\"},\"image\":{\"@id\":\"https:\\\/\\\/www.mayoretty.com\\\/?page_id=218#primaryimage\"},\"thumbnailUrl\":\"http:\\\/\\\/www.mayoretty.com\\\/wp-content\\\/uploads\\\/2016\\\/11\\\/SECTOR-DEPORTIVO-011.png\",\"datePublished\":\"2016-11-22T15:52:54+00:00\",\"dateModified\":\"2018-04-06T10:56:39+00:00\",\"breadcrumb\":{\"@id\":\"https:\\\/\\\/www.mayoretty.com\\\/?page_id=218#breadcrumb\"},\"inLanguage\":\"es\",\"potentialAction\":[{\"@type\":\"ReadAction\",\"target\":[\"https:\\\/\\\/www.mayoretty.com\\\/?page_id=218\"]}]},{\"@type\":\"ImageObject\",\"inLanguage\":\"es\",\"@id\":\"https:\\\/\\\/www.mayoretty.com\\\/?page_id=218#primaryimage\",\"url\":\"http:\\\/\\\/www.mayoretty.com\\\/wp-content\\\/uploads\\\/2016\\\/11\\\/SECTOR-DEPORTIVO-011.png\",\"contentUrl\":\"http:\\\/\\\/www.mayoretty.com\\\/wp-content\\\/uploads\\\/2016\\\/11\\\/SECTOR-DEPORTIVO-011.png\"},{\"@type\":\"BreadcrumbList\",\"@id\":\"https:\\\/\\\/www.mayoretty.com\\\/?page_id=218#breadcrumb\",\"itemListElement\":[{\"@type\":\"ListItem\",\"position\":1,\"name\":\"Portada\",\"item\":\"https:\\\/\\\/www.mayoretty.com\\\/\"},{\"@type\":\"ListItem\",\"position\":2,\"name\":\"Sector publicitario\"}]},{\"@type\":\"WebSite\",\"@id\":\"https:\\\/\\\/www.mayoretty.com\\\/#website\",\"url\":\"https:\\\/\\\/www.mayoretty.com\\\/\",\"name\":\"La mayor plataforma de comunicaci\u00f3n y publicidad en centros de fitness y wellness\",\"description\":\"La mayor plataforma de comunicaci\u00f3n y publicidad en sector deportivo\",\"publisher\":{\"@id\":\"https:\\\/\\\/www.mayoretty.com\\\/#organization\"},\"potentialAction\":[{\"@type\":\"SearchAction\",\"target\":{\"@type\":\"EntryPoint\",\"urlTemplate\":\"https:\\\/\\\/www.mayoretty.com\\\/?s={search_term_string}\"},\"query-input\":{\"@type\":\"PropertyValueSpecification\",\"valueRequired\":true,\"valueName\":\"search_term_string\"}}],\"inLanguage\":\"es\"},{\"@type\":\"Organization\",\"@id\":\"https:\\\/\\\/www.mayoretty.com\\\/#organization\",\"name\":\"La mayor plataforma de comunicaci\u00f3n y publicidad en centros de fitness y wellness\",\"url\":\"https:\\\/\\\/www.mayoretty.com\\\/\",\"logo\":{\"@type\":\"ImageObject\",\"inLanguage\":\"es\",\"@id\":\"https:\\\/\\\/www.mayoretty.com\\\/#\\\/schema\\\/logo\\\/image\\\/\",\"url\":\"https:\\\/\\\/www.mayoretty.com\\\/wp-content\\\/uploads\\\/2020\\\/06\\\/cropped-logo_complet-01.png\",\"contentUrl\":\"https:\\\/\\\/www.mayoretty.com\\\/wp-content\\\/uploads\\\/2020\\\/06\\\/cropped-logo_complet-01.png\",\"width\":854,\"height\":329,\"caption\":\"La mayor plataforma de comunicaci\u00f3n y publicidad en centros de fitness y wellness\"},\"image\":{\"@id\":\"https:\\\/\\\/www.mayoretty.com\\\/#\\\/schema\\\/logo\\\/image\\\/\"}}]}<\/script>\n<!-- \/ Yoast SEO plugin. -->","yoast_head_json":{"title":"Sector publicitario - La mayor plataforma de comunicaci\u00f3n y publicidad en centros de fitness y wellness","robots":{"index":"index","follow":"follow","max-snippet":"max-snippet:-1","max-image-preview":"max-image-preview:large","max-video-preview":"max-video-preview:-1"},"canonical":"https:\/\/www.mayoretty.com\/?page_id=218","og_locale":"es_ES","og_type":"article","og_title":"Sector publicitario - La mayor plataforma de comunicaci\u00f3n y publicidad en centros de fitness y wellness","og_description":"Somos propietarios de la mayor plataforma de publicidad\u00a0en el sector deportivo, fitness y wellness de Espa\u00f1a. Porqu\u00e9 es una plataforma y un sector de \u00e9xito? UNO&#8230;Tenemos un target IDEAL para gran cantidad de marcas sean del sector deportivo o de cualquier otro sector&#8230;.porque&#8230; DOS&#8230;tenemos una audiencia totalmente controlada. Conocemos todos sus datos, ha\u0301bitos de consumo, [&hellip;]","og_url":"https:\/\/www.mayoretty.com\/?page_id=218","og_site_name":"La mayor plataforma de comunicaci\u00f3n y publicidad en centros de fitness y wellness","article_modified_time":"2018-04-06T10:56:39+00:00","og_image":[{"width":333,"height":332,"url":"https:\/\/www.mayoretty.com\/wp-content\/uploads\/2016\/11\/SECTOR-DEPORTIVO-011.png","type":"image\/png"}],"twitter_card":"summary_large_image","twitter_misc":{"Tiempo de lectura":"1 minuto"},"schema":{"@context":"https:\/\/schema.org","@graph":[{"@type":"WebPage","@id":"https:\/\/www.mayoretty.com\/?page_id=218","url":"https:\/\/www.mayoretty.com\/?page_id=218","name":"Sector publicitario - La mayor plataforma de comunicaci\u00f3n y publicidad en centros de fitness y wellness","isPartOf":{"@id":"https:\/\/www.mayoretty.com\/#website"},"primaryImageOfPage":{"@id":"https:\/\/www.mayoretty.com\/?page_id=218#primaryimage"},"image":{"@id":"https:\/\/www.mayoretty.com\/?page_id=218#primaryimage"},"thumbnailUrl":"http:\/\/www.mayoretty.com\/wp-content\/uploads\/2016\/11\/SECTOR-DEPORTIVO-011.png","datePublished":"2016-11-22T15:52:54+00:00","dateModified":"2018-04-06T10:56:39+00:00","breadcrumb":{"@id":"https:\/\/www.mayoretty.com\/?page_id=218#breadcrumb"},"inLanguage":"es","potentialAction":[{"@type":"ReadAction","target":["https:\/\/www.mayoretty.com\/?page_id=218"]}]},{"@type":"ImageObject","inLanguage":"es","@id":"https:\/\/www.mayoretty.com\/?page_id=218#primaryimage","url":"http:\/\/www.mayoretty.com\/wp-content\/uploads\/2016\/11\/SECTOR-DEPORTIVO-011.png","contentUrl":"http:\/\/www.mayoretty.com\/wp-content\/uploads\/2016\/11\/SECTOR-DEPORTIVO-011.png"},{"@type":"BreadcrumbList","@id":"https:\/\/www.mayoretty.com\/?page_id=218#breadcrumb","itemListElement":[{"@type":"ListItem","position":1,"name":"Portada","item":"https:\/\/www.mayoretty.com\/"},{"@type":"ListItem","position":2,"name":"Sector publicitario"}]},{"@type":"WebSite","@id":"https:\/\/www.mayoretty.com\/#website","url":"https:\/\/www.mayoretty.com\/","name":"La mayor plataforma de comunicaci\u00f3n y publicidad en centros de fitness y wellness","description":"La mayor plataforma de comunicaci\u00f3n y publicidad en sector deportivo","publisher":{"@id":"https:\/\/www.mayoretty.com\/#organization"},"potentialAction":[{"@type":"SearchAction","target":{"@type":"EntryPoint","urlTemplate":"https:\/\/www.mayoretty.com\/?s={search_term_string}"},"query-input":{"@type":"PropertyValueSpecification","valueRequired":true,"valueName":"search_term_string"}}],"inLanguage":"es"},{"@type":"Organization","@id":"https:\/\/www.mayoretty.com\/#organization","name":"La mayor plataforma de comunicaci\u00f3n y publicidad en centros de fitness y wellness","url":"https:\/\/www.mayoretty.com\/","logo":{"@type":"ImageObject","inLanguage":"es","@id":"https:\/\/www.mayoretty.com\/#\/schema\/logo\/image\/","url":"https:\/\/www.mayoretty.com\/wp-content\/uploads\/2020\/06\/cropped-logo_complet-01.png","contentUrl":"https:\/\/www.mayoretty.com\/wp-content\/uploads\/2020\/06\/cropped-logo_complet-01.png","width":854,"height":329,"caption":"La mayor plataforma de comunicaci\u00f3n y publicidad en centros de fitness y wellness"},"image":{"@id":"https:\/\/www.mayoretty.com\/#\/schema\/logo\/image\/"}}]}},"jetpack_sharing_enabled":true,"jetpack_shortlink":"https:\/\/wp.me\/P5CDwf-3w","jetpack_likes_enabled":true,"_links":{"self":[{"href":"https:\/\/www.mayoretty.com\/index.php?rest_route=\/wp\/v2\/pages\/218","targetHints":{"allow":["GET"]}}],"collection":[{"href":"https:\/\/www.mayoretty.com\/index.php?rest_route=\/wp\/v2\/pages"}],"about":[{"href":"https:\/\/www.mayoretty.com\/index.php?rest_route=\/wp\/v2\/types\/page"}],"author":[{"embeddable":true,"href":"https:\/\/www.mayoretty.com\/index.php?rest_route=\/wp\/v2\/users\/1"}],"replies":[{"embeddable":true,"href":"https:\/\/www.mayoretty.com\/index.php?rest_route=%2Fwp%2Fv2%2Fcomments&post=218"}],"version-history":[{"count":15,"href":"https:\/\/www.mayoretty.com\/index.php?rest_route=\/wp\/v2\/pages\/218\/revisions"}],"predecessor-version":[{"id":403,"href":"https:\/\/www.mayoretty.com\/index.php?rest_route=\/wp\/v2\/pages\/218\/revisions\/403"}],"wp:attachment":[{"href":"https:\/\/www.mayoretty.com\/index.php?rest_route=%2Fwp%2Fv2%2Fmedia&parent=218"}],"curies":[{"name":"wp","href":"https:\/\/api.w.org\/{rel}","templated":true}]}}