{"id":220,"date":"2016-11-22T16:04:57","date_gmt":"2016-11-22T16:04:57","guid":{"rendered":"http:\/\/www.mayoretty.com\/?page_id=220"},"modified":"2019-07-30T11:18:14","modified_gmt":"2019-07-30T09:18:14","slug":"modalidades","status":"publish","type":"page","link":"https:\/\/www.mayoretty.com\/?page_id=220","title":{"rendered":"Acciones 360"},"content":{"rendered":"<h2><span style=\"color: #f6323e;\">NO\u00a0<\/span>vendemos soportes\/espacios publicitarios<\/h2>\n<h2><span style=\"color: #f6323e;\">SI\u00a0<\/span>ofrecemos la posibilidad de que marcas puedan llegar a nuestra audiencia con la m\u00e1xima eficacia y eficiencia ya que la conocemos a la perfecci\u00f3n.<\/h2>\n<p>&nbsp;<\/p>\n<p>a trav\u00e9s de&#8230;<\/p>\n<p>&nbsp;<\/p>\n<h2><span style=\"color: #f6323e;\">opci\u00f3n 1_<\/span>Mayoretty Canal Digital TV<\/h2>\n<p><a href=\"http:\/\/www.mayoretty.com\/wp-content\/uploads\/2019\/04\/tv-01.jpg\"><img loading=\"lazy\" decoding=\"async\" class=\"alignnone size-full wp-image-432\" src=\"http:\/\/www.mayoretty.com\/wp-content\/uploads\/2019\/04\/tv-01.jpg\" alt=\"tv-01\" width=\"1251\" height=\"418\" srcset=\"https:\/\/www.mayoretty.com\/wp-content\/uploads\/2019\/04\/tv-01.jpg 1251w, https:\/\/www.mayoretty.com\/wp-content\/uploads\/2019\/04\/tv-01-300x100.jpg 300w, https:\/\/www.mayoretty.com\/wp-content\/uploads\/2019\/04\/tv-01-1024x342.jpg 1024w\" sizes=\"auto, (max-width: 1251px) 100vw, 1251px\" \/><\/a><\/p>\n<p>Canal de comunicaci\u00f3n de referencia en el centro deportivo. Canal de elevada prescripci\u00f3n para las marcas representadas: spot, c\u00e1psula informativa&#8230;, notoriedad, presentaci\u00f3n, tr\u00e1fico a punto de venta&#8230;<\/p>\n<hr \/>\n<h2><span style=\"color: #f6323e;\">opci\u00f3n 2_<\/span>Patrocinio de sala<\/h2>\n<h2><a href=\"http:\/\/www.mayoretty.com\/wp-content\/uploads\/2019\/04\/sala_1-01.jpg\"><img loading=\"lazy\" decoding=\"async\" class=\"alignnone size-full wp-image-439\" src=\"http:\/\/www.mayoretty.com\/wp-content\/uploads\/2019\/04\/sala_1-01.jpg\" alt=\"sala_1-01\" width=\"1251\" height=\"418\" srcset=\"https:\/\/www.mayoretty.com\/wp-content\/uploads\/2019\/04\/sala_1-01.jpg 1251w, https:\/\/www.mayoretty.com\/wp-content\/uploads\/2019\/04\/sala_1-01-300x100.jpg 300w, https:\/\/www.mayoretty.com\/wp-content\/uploads\/2019\/04\/sala_1-01-1024x342.jpg 1024w\" sizes=\"auto, (max-width: 1251px) 100vw, 1251px\" \/><\/a><\/h2>\n<h2><\/h2>\n<p>Personalizaci\u00f3n de salas de actividades dirigidas o espacios funcionales\u00a0seg\u00fan\u00a0el target y objetivos de la marca.<\/p>\n<hr \/>\n<h2><span style=\"color: #f6323e;\">opci\u00f3n 3_<\/span>Sampling<\/h2>\n<p><a href=\"http:\/\/www.mayoretty.com\/wp-content\/uploads\/2019\/04\/sampling-staff-01.jpg\"><img loading=\"lazy\" decoding=\"async\" class=\"alignnone size-full wp-image-441\" src=\"http:\/\/www.mayoretty.com\/wp-content\/uploads\/2019\/04\/sampling-staff-01.jpg\" alt=\"sampling staff-01\" width=\"1251\" height=\"418\" srcset=\"https:\/\/www.mayoretty.com\/wp-content\/uploads\/2019\/04\/sampling-staff-01.jpg 1251w, https:\/\/www.mayoretty.com\/wp-content\/uploads\/2019\/04\/sampling-staff-01-300x100.jpg 300w, https:\/\/www.mayoretty.com\/wp-content\/uploads\/2019\/04\/sampling-staff-01-1024x342.jpg 1024w\" sizes=\"auto, (max-width: 1251px) 100vw, 1251px\" \/><\/a><\/p>\n<p>Sampling\u00a0360 con diferentes modalidades seg\u00fan los objetivos de la marca: free, staff o stand&#8230;ALTA PRESCRIPCI\u00d3N<\/p>\n<hr \/>\n<h2><span style=\"color: #f6323e;\">opci\u00f3n 4_<\/span>Patrocinio vestuario<\/h2>\n<p><a href=\"http:\/\/www.mayoretty.com\/wp-content\/uploads\/2019\/04\/vestuario-01.jpg\"><img loading=\"lazy\" decoding=\"async\" class=\"alignnone size-full wp-image-444\" src=\"http:\/\/www.mayoretty.com\/wp-content\/uploads\/2019\/04\/vestuario-01.jpg\" alt=\"vestuario-01\" width=\"1251\" height=\"418\" srcset=\"https:\/\/www.mayoretty.com\/wp-content\/uploads\/2019\/04\/vestuario-01.jpg 1251w, https:\/\/www.mayoretty.com\/wp-content\/uploads\/2019\/04\/vestuario-01-300x100.jpg 300w, https:\/\/www.mayoretty.com\/wp-content\/uploads\/2019\/04\/vestuario-01-1024x342.jpg 1024w\" sizes=\"auto, (max-width: 1251px) 100vw, 1251px\" \/><\/a><\/p>\n<p>Personalizaci\u00f3n de la zona vestuario pudiendo segmentar seg\u00fan tipo de vestuario (mujeres\/hombres) con la posibilidad de interacci\u00f3n con la marca<\/p>\n<hr \/>\n<h2><span style=\"color: #f6323e;\">opci\u00f3n 5_<\/span>Soportes est\u00e1ticos con interacci\u00f3n<\/h2>\n<p><a href=\"http:\/\/www.mayoretty.com\/wp-content\/uploads\/2019\/04\/rollup-01.jpg\"><img loading=\"lazy\" decoding=\"async\" class=\"alignnone size-full wp-image-448\" src=\"http:\/\/www.mayoretty.com\/wp-content\/uploads\/2019\/04\/rollup-01.jpg\" alt=\"rollup-01\" width=\"1251\" height=\"418\" srcset=\"https:\/\/www.mayoretty.com\/wp-content\/uploads\/2019\/04\/rollup-01.jpg 1251w, https:\/\/www.mayoretty.com\/wp-content\/uploads\/2019\/04\/rollup-01-300x100.jpg 300w, https:\/\/www.mayoretty.com\/wp-content\/uploads\/2019\/04\/rollup-01-1024x342.jpg 1024w\" sizes=\"auto, (max-width: 1251px) 100vw, 1251px\" \/><\/a><\/p>\n<p>Roll up, totems, expositores, estructuras personalizadas que generan interacci\u00f3n con la audiencia: notoriedad, presentaci\u00f3n, generaci\u00f3n tr\u00e1fico punto de venta&#8230;<\/p>\n<hr \/>\n<h2><span style=\"color: #f6323e;\">opci\u00f3n 5_<\/span>Eventos personalizados<\/h2>\n<h2><a href=\"http:\/\/www.mayoretty.com\/wp-content\/uploads\/2019\/04\/brandweek-01.jpg\"><img loading=\"lazy\" decoding=\"async\" class=\"alignnone size-full wp-image-451\" src=\"http:\/\/www.mayoretty.com\/wp-content\/uploads\/2019\/04\/brandweek-01.jpg\" alt=\"brandweek-01\" width=\"1251\" height=\"418\" srcset=\"https:\/\/www.mayoretty.com\/wp-content\/uploads\/2019\/04\/brandweek-01.jpg 1251w, https:\/\/www.mayoretty.com\/wp-content\/uploads\/2019\/04\/brandweek-01-300x100.jpg 300w, https:\/\/www.mayoretty.com\/wp-content\/uploads\/2019\/04\/brandweek-01-1024x342.jpg 1024w\" sizes=\"auto, (max-width: 1251px) 100vw, 1251px\" \/><\/a><\/h2>\n<p>Retos, Brand Week, Patrocinio Eventos, Patrocinio actividades&#8230;todo un abanico de acciones personalizadas para la marca y el centro de fitness.<\/p>\n<p>&nbsp;<\/p>\n<p>Y MUCHOS m\u00e1s <strong><span style=\"color: #ff0000;\">productos y novedades<\/span><\/strong> constantes 100%\u00a0adaptadas al entorno del centro deportivo y a sus actividades<\/p>\n<p>&nbsp;<\/p>\n<h1 style=\"text-align: right;\">QUIERES QUE TU MARCA LLEGUE A ESTA AUDIENCIA? TE AYUDAMOS!<\/h1>\n<h2 style=\"text-align: right;\"><span style=\"color: #ff0000;\"><a style=\"color: #ff0000;\" title=\"Preparados, listos\u2026\" href=\"http:\/\/www.mayoretty.com\/?page_id=256\">CONTACTA<\/a><\/span><\/h2>\n","protected":false},"excerpt":{"rendered":"<p>NO\u00a0vendemos soportes\/espacios publicitarios SI\u00a0ofrecemos la posibilidad de que marcas puedan llegar a nuestra audiencia con la m\u00e1xima eficacia y eficiencia ya que la conocemos a la perfecci\u00f3n. &nbsp; a trav\u00e9s de&#8230; &nbsp; opci\u00f3n 1_Mayoretty Canal Digital TV Canal de comunicaci\u00f3n de referencia en el centro deportivo. Canal de elevada prescripci\u00f3n para las marcas representadas: spot, [&hellip;]<\/p>\n","protected":false},"author":1,"featured_media":0,"parent":0,"menu_order":0,"comment_status":"closed","ping_status":"closed","template":"","meta":{"footnotes":""},"class_list":["post-220","page","type-page","status-publish","czr-hentry"],"yoast_head":"<!-- This site is optimized with the Yoast SEO plugin v27.5 - https:\/\/yoast.com\/product\/yoast-seo-wordpress\/ -->\n<title>Acciones 360 - La mayor plataforma de comunicaci\u00f3n y publicidad en centros de fitness y wellness<\/title>\n<meta name=\"robots\" content=\"index, follow, max-snippet:-1, max-image-preview:large, max-video-preview:-1\" \/>\n<link rel=\"canonical\" href=\"https:\/\/www.mayoretty.com\/?page_id=220\" \/>\n<meta property=\"og:locale\" content=\"es_ES\" \/>\n<meta property=\"og:type\" content=\"article\" \/>\n<meta property=\"og:title\" content=\"Acciones 360 - La mayor plataforma de comunicaci\u00f3n y publicidad en centros de fitness y wellness\" \/>\n<meta property=\"og:description\" content=\"NO\u00a0vendemos soportes\/espacios publicitarios SI\u00a0ofrecemos la posibilidad de que marcas puedan llegar a nuestra audiencia con la m\u00e1xima eficacia y eficiencia ya que la conocemos a la perfecci\u00f3n. &nbsp; a trav\u00e9s de&#8230; &nbsp; opci\u00f3n 1_Mayoretty Canal Digital TV Canal de comunicaci\u00f3n de referencia en el centro deportivo. Canal de elevada prescripci\u00f3n para las marcas representadas: spot, [&hellip;]\" \/>\n<meta property=\"og:url\" content=\"https:\/\/www.mayoretty.com\/?page_id=220\" \/>\n<meta property=\"og:site_name\" content=\"La mayor plataforma de comunicaci\u00f3n y publicidad en centros de fitness y wellness\" \/>\n<meta property=\"article:modified_time\" content=\"2019-07-30T09:18:14+00:00\" \/>\n<meta property=\"og:image\" content=\"https:\/\/www.mayoretty.com\/wp-content\/uploads\/2019\/04\/tv-01.jpg\" \/>\n\t<meta property=\"og:image:width\" content=\"1251\" \/>\n\t<meta property=\"og:image:height\" content=\"418\" \/>\n\t<meta property=\"og:image:type\" content=\"image\/jpeg\" \/>\n<meta name=\"twitter:card\" content=\"summary_large_image\" \/>\n<meta name=\"twitter:label1\" content=\"Tiempo de lectura\" \/>\n\t<meta name=\"twitter:data1\" content=\"1 minuto\" \/>\n<script type=\"application\/ld+json\" class=\"yoast-schema-graph\">{\"@context\":\"https:\\\/\\\/schema.org\",\"@graph\":[{\"@type\":\"WebPage\",\"@id\":\"https:\\\/\\\/www.mayoretty.com\\\/?page_id=220\",\"url\":\"https:\\\/\\\/www.mayoretty.com\\\/?page_id=220\",\"name\":\"Acciones 360 - La mayor plataforma de comunicaci\u00f3n y publicidad en centros de fitness y wellness\",\"isPartOf\":{\"@id\":\"https:\\\/\\\/www.mayoretty.com\\\/#website\"},\"primaryImageOfPage\":{\"@id\":\"https:\\\/\\\/www.mayoretty.com\\\/?page_id=220#primaryimage\"},\"image\":{\"@id\":\"https:\\\/\\\/www.mayoretty.com\\\/?page_id=220#primaryimage\"},\"thumbnailUrl\":\"http:\\\/\\\/www.mayoretty.com\\\/wp-content\\\/uploads\\\/2019\\\/04\\\/tv-01.jpg\",\"datePublished\":\"2016-11-22T16:04:57+00:00\",\"dateModified\":\"2019-07-30T09:18:14+00:00\",\"breadcrumb\":{\"@id\":\"https:\\\/\\\/www.mayoretty.com\\\/?page_id=220#breadcrumb\"},\"inLanguage\":\"es\",\"potentialAction\":[{\"@type\":\"ReadAction\",\"target\":[\"https:\\\/\\\/www.mayoretty.com\\\/?page_id=220\"]}]},{\"@type\":\"ImageObject\",\"inLanguage\":\"es\",\"@id\":\"https:\\\/\\\/www.mayoretty.com\\\/?page_id=220#primaryimage\",\"url\":\"http:\\\/\\\/www.mayoretty.com\\\/wp-content\\\/uploads\\\/2019\\\/04\\\/tv-01.jpg\",\"contentUrl\":\"http:\\\/\\\/www.mayoretty.com\\\/wp-content\\\/uploads\\\/2019\\\/04\\\/tv-01.jpg\"},{\"@type\":\"BreadcrumbList\",\"@id\":\"https:\\\/\\\/www.mayoretty.com\\\/?page_id=220#breadcrumb\",\"itemListElement\":[{\"@type\":\"ListItem\",\"position\":1,\"name\":\"Portada\",\"item\":\"https:\\\/\\\/www.mayoretty.com\\\/\"},{\"@type\":\"ListItem\",\"position\":2,\"name\":\"Acciones 360\"}]},{\"@type\":\"WebSite\",\"@id\":\"https:\\\/\\\/www.mayoretty.com\\\/#website\",\"url\":\"https:\\\/\\\/www.mayoretty.com\\\/\",\"name\":\"La mayor plataforma de comunicaci\u00f3n y publicidad en centros de fitness y wellness\",\"description\":\"La mayor plataforma de comunicaci\u00f3n y publicidad en sector deportivo\",\"publisher\":{\"@id\":\"https:\\\/\\\/www.mayoretty.com\\\/#organization\"},\"potentialAction\":[{\"@type\":\"SearchAction\",\"target\":{\"@type\":\"EntryPoint\",\"urlTemplate\":\"https:\\\/\\\/www.mayoretty.com\\\/?s={search_term_string}\"},\"query-input\":{\"@type\":\"PropertyValueSpecification\",\"valueRequired\":true,\"valueName\":\"search_term_string\"}}],\"inLanguage\":\"es\"},{\"@type\":\"Organization\",\"@id\":\"https:\\\/\\\/www.mayoretty.com\\\/#organization\",\"name\":\"La mayor plataforma de comunicaci\u00f3n y publicidad en centros de fitness y wellness\",\"url\":\"https:\\\/\\\/www.mayoretty.com\\\/\",\"logo\":{\"@type\":\"ImageObject\",\"inLanguage\":\"es\",\"@id\":\"https:\\\/\\\/www.mayoretty.com\\\/#\\\/schema\\\/logo\\\/image\\\/\",\"url\":\"https:\\\/\\\/www.mayoretty.com\\\/wp-content\\\/uploads\\\/2020\\\/06\\\/cropped-logo_complet-01.png\",\"contentUrl\":\"https:\\\/\\\/www.mayoretty.com\\\/wp-content\\\/uploads\\\/2020\\\/06\\\/cropped-logo_complet-01.png\",\"width\":854,\"height\":329,\"caption\":\"La mayor plataforma de comunicaci\u00f3n y publicidad en centros de fitness y wellness\"},\"image\":{\"@id\":\"https:\\\/\\\/www.mayoretty.com\\\/#\\\/schema\\\/logo\\\/image\\\/\"}}]}<\/script>\n<!-- \/ Yoast SEO plugin. -->","yoast_head_json":{"title":"Acciones 360 - La mayor plataforma de comunicaci\u00f3n y publicidad en centros de fitness y wellness","robots":{"index":"index","follow":"follow","max-snippet":"max-snippet:-1","max-image-preview":"max-image-preview:large","max-video-preview":"max-video-preview:-1"},"canonical":"https:\/\/www.mayoretty.com\/?page_id=220","og_locale":"es_ES","og_type":"article","og_title":"Acciones 360 - La mayor plataforma de comunicaci\u00f3n y publicidad en centros de fitness y wellness","og_description":"NO\u00a0vendemos soportes\/espacios publicitarios SI\u00a0ofrecemos la posibilidad de que marcas puedan llegar a nuestra audiencia con la m\u00e1xima eficacia y eficiencia ya que la conocemos a la perfecci\u00f3n. &nbsp; a trav\u00e9s de&#8230; &nbsp; opci\u00f3n 1_Mayoretty Canal Digital TV Canal de comunicaci\u00f3n de referencia en el centro deportivo. Canal de elevada prescripci\u00f3n para las marcas representadas: spot, [&hellip;]","og_url":"https:\/\/www.mayoretty.com\/?page_id=220","og_site_name":"La mayor plataforma de comunicaci\u00f3n y publicidad en centros de fitness y wellness","article_modified_time":"2019-07-30T09:18:14+00:00","og_image":[{"width":1251,"height":418,"url":"https:\/\/www.mayoretty.com\/wp-content\/uploads\/2019\/04\/tv-01.jpg","type":"image\/jpeg"}],"twitter_card":"summary_large_image","twitter_misc":{"Tiempo de lectura":"1 minuto"},"schema":{"@context":"https:\/\/schema.org","@graph":[{"@type":"WebPage","@id":"https:\/\/www.mayoretty.com\/?page_id=220","url":"https:\/\/www.mayoretty.com\/?page_id=220","name":"Acciones 360 - La mayor plataforma de comunicaci\u00f3n y publicidad en centros de fitness y wellness","isPartOf":{"@id":"https:\/\/www.mayoretty.com\/#website"},"primaryImageOfPage":{"@id":"https:\/\/www.mayoretty.com\/?page_id=220#primaryimage"},"image":{"@id":"https:\/\/www.mayoretty.com\/?page_id=220#primaryimage"},"thumbnailUrl":"http:\/\/www.mayoretty.com\/wp-content\/uploads\/2019\/04\/tv-01.jpg","datePublished":"2016-11-22T16:04:57+00:00","dateModified":"2019-07-30T09:18:14+00:00","breadcrumb":{"@id":"https:\/\/www.mayoretty.com\/?page_id=220#breadcrumb"},"inLanguage":"es","potentialAction":[{"@type":"ReadAction","target":["https:\/\/www.mayoretty.com\/?page_id=220"]}]},{"@type":"ImageObject","inLanguage":"es","@id":"https:\/\/www.mayoretty.com\/?page_id=220#primaryimage","url":"http:\/\/www.mayoretty.com\/wp-content\/uploads\/2019\/04\/tv-01.jpg","contentUrl":"http:\/\/www.mayoretty.com\/wp-content\/uploads\/2019\/04\/tv-01.jpg"},{"@type":"BreadcrumbList","@id":"https:\/\/www.mayoretty.com\/?page_id=220#breadcrumb","itemListElement":[{"@type":"ListItem","position":1,"name":"Portada","item":"https:\/\/www.mayoretty.com\/"},{"@type":"ListItem","position":2,"name":"Acciones 360"}]},{"@type":"WebSite","@id":"https:\/\/www.mayoretty.com\/#website","url":"https:\/\/www.mayoretty.com\/","name":"La mayor plataforma de comunicaci\u00f3n y publicidad en centros de fitness y wellness","description":"La mayor plataforma de comunicaci\u00f3n y publicidad en sector deportivo","publisher":{"@id":"https:\/\/www.mayoretty.com\/#organization"},"potentialAction":[{"@type":"SearchAction","target":{"@type":"EntryPoint","urlTemplate":"https:\/\/www.mayoretty.com\/?s={search_term_string}"},"query-input":{"@type":"PropertyValueSpecification","valueRequired":true,"valueName":"search_term_string"}}],"inLanguage":"es"},{"@type":"Organization","@id":"https:\/\/www.mayoretty.com\/#organization","name":"La mayor plataforma de comunicaci\u00f3n y publicidad en centros de fitness y wellness","url":"https:\/\/www.mayoretty.com\/","logo":{"@type":"ImageObject","inLanguage":"es","@id":"https:\/\/www.mayoretty.com\/#\/schema\/logo\/image\/","url":"https:\/\/www.mayoretty.com\/wp-content\/uploads\/2020\/06\/cropped-logo_complet-01.png","contentUrl":"https:\/\/www.mayoretty.com\/wp-content\/uploads\/2020\/06\/cropped-logo_complet-01.png","width":854,"height":329,"caption":"La mayor plataforma de comunicaci\u00f3n y publicidad en centros de fitness y wellness"},"image":{"@id":"https:\/\/www.mayoretty.com\/#\/schema\/logo\/image\/"}}]}},"jetpack_sharing_enabled":true,"jetpack_shortlink":"https:\/\/wp.me\/P5CDwf-3y","jetpack_likes_enabled":true,"_links":{"self":[{"href":"https:\/\/www.mayoretty.com\/index.php?rest_route=\/wp\/v2\/pages\/220","targetHints":{"allow":["GET"]}}],"collection":[{"href":"https:\/\/www.mayoretty.com\/index.php?rest_route=\/wp\/v2\/pages"}],"about":[{"href":"https:\/\/www.mayoretty.com\/index.php?rest_route=\/wp\/v2\/types\/page"}],"author":[{"embeddable":true,"href":"https:\/\/www.mayoretty.com\/index.php?rest_route=\/wp\/v2\/users\/1"}],"replies":[{"embeddable":true,"href":"https:\/\/www.mayoretty.com\/index.php?rest_route=%2Fwp%2Fv2%2Fcomments&post=220"}],"version-history":[{"count":37,"href":"https:\/\/www.mayoretty.com\/index.php?rest_route=\/wp\/v2\/pages\/220\/revisions"}],"predecessor-version":[{"id":522,"href":"https:\/\/www.mayoretty.com\/index.php?rest_route=\/wp\/v2\/pages\/220\/revisions\/522"}],"wp:attachment":[{"href":"https:\/\/www.mayoretty.com\/index.php?rest_route=%2Fwp%2Fv2%2Fmedia&parent=220"}],"curies":[{"name":"wp","href":"https:\/\/api.w.org\/{rel}","templated":true}]}}