{"id":222,"date":"2016-11-22T16:15:16","date_gmt":"2016-11-22T16:15:16","guid":{"rendered":"http:\/\/www.mayoretty.com\/?page_id=222"},"modified":"2020-06-26T12:41:50","modified_gmt":"2020-06-26T10:41:50","slug":"consultoria","status":"publish","type":"page","link":"https:\/\/www.mayoretty.com\/?page_id=222","title":{"rendered":"Agencia Marketing"},"content":{"rendered":"<h2><span style=\"color: #f6323e;\">SERVICIOS DE MARKETING<\/span><\/h2>\n<p>Expertos en marketing en el sector deportivo para apoyar a nuestros clientes en todos sus modelos de negocio .<\/p>\n<hr \/>\n<h3 style=\"text-align: center;\"><span style=\"text-decoration: underline;\"><em>ESPECIALISTAS<\/em><\/span><\/h3>\n<ul>\n<li style=\"text-align: center;\">Proceso de <strong><span style=\"color: #f6323e;\">transformaci\u00f3n<\/span><\/strong> interna y <strong><span style=\"color: #f6323e;\">externalizaci\u00f3n<\/span> <\/strong>de los <strong><span style=\"color: #f6323e;\">servicios<\/span><\/strong> de marketing.<\/li>\n<li style=\"text-align: center;\">An\u00e1lisis, desarrollo e implementaci\u00f3n del <span style=\"color: #f6323e;\"><strong>plan de comunicaci\u00f3n<\/strong><\/span>.<\/li>\n<li style=\"text-align: center;\"><strong><span style=\"color: #f6323e;\">Generaci\u00f3n de contenidos<\/span> <\/strong>en canales digitales.<\/li>\n<li style=\"text-align: center;\"><strong><span style=\"color: #f6323e;\">Funnels de venta <\/span><\/strong>especialistas en el sector<\/li>\n<li style=\"text-align: center;\">Implementaci\u00f3n de <strong><span style=\"color: #f6323e;\">canales de comunicaci\u00f3n<\/span><\/strong> y acompa\u00f1amiento estrat\u00e9gico.<\/li>\n<\/ul>\n<p><span style=\"text-decoration: underline;\"><strong>NUESTRA CLAVE DE \u00c9XITO<\/strong><\/span><\/p>\n<h1 style=\"text-align: center;\">Facultamos a equipos <span style=\"color: #f6323e;\">\/<\/span> Planificar \u00e9xitos a corto plazo<\/h1>\n<p><a href=\"http:\/\/www.mayoretty.com\/wp-content\/uploads\/2016\/11\/CONSULTORIA_2-01.png\"><img loading=\"lazy\" decoding=\"async\" class=\"alignnone size-full wp-image-322\" src=\"http:\/\/www.mayoretty.com\/wp-content\/uploads\/2016\/11\/CONSULTORIA_2-01.png\" alt=\"CONSULTORIA_2-01\" width=\"1170\" height=\"321\" srcset=\"https:\/\/www.mayoretty.com\/wp-content\/uploads\/2016\/11\/CONSULTORIA_2-01.png 1170w, https:\/\/www.mayoretty.com\/wp-content\/uploads\/2016\/11\/CONSULTORIA_2-01-300x82.png 300w, https:\/\/www.mayoretty.com\/wp-content\/uploads\/2016\/11\/CONSULTORIA_2-01-1024x280.png 1024w\" sizes=\"auto, (max-width: 1170px) 100vw, 1170px\" \/><\/a><\/p>\n<h3 style=\"text-align: right;\"><a title=\"Preparados, listos\u2026\" href=\"http:\/\/www.mayoretty.com\/?page_id=256\">Preparados, listos&#8230;<\/a><\/h3>\n","protected":false},"excerpt":{"rendered":"<p>SERVICIOS DE MARKETING Expertos en marketing en el sector deportivo para apoyar a nuestros clientes en todos sus modelos de negocio . ESPECIALISTAS Proceso de transformaci\u00f3n interna y externalizaci\u00f3n de los servicios de marketing. An\u00e1lisis, desarrollo e implementaci\u00f3n del plan de comunicaci\u00f3n. Generaci\u00f3n de contenidos en canales digitales. Funnels de venta especialistas en el sector [&hellip;]<\/p>\n","protected":false},"author":1,"featured_media":0,"parent":0,"menu_order":0,"comment_status":"closed","ping_status":"closed","template":"","meta":{"footnotes":""},"class_list":["post-222","page","type-page","status-publish","czr-hentry"],"yoast_head":"<!-- This site is optimized with the Yoast SEO plugin v27.5 - https:\/\/yoast.com\/product\/yoast-seo-wordpress\/ -->\n<title>Agencia Marketing - La mayor plataforma de comunicaci\u00f3n y publicidad en centros de fitness y wellness<\/title>\n<meta name=\"robots\" content=\"index, follow, max-snippet:-1, max-image-preview:large, max-video-preview:-1\" \/>\n<link rel=\"canonical\" href=\"https:\/\/www.mayoretty.com\/?page_id=222\" \/>\n<meta property=\"og:locale\" content=\"es_ES\" \/>\n<meta property=\"og:type\" content=\"article\" \/>\n<meta property=\"og:title\" content=\"Agencia Marketing - La mayor plataforma de comunicaci\u00f3n y publicidad en centros de fitness y wellness\" \/>\n<meta property=\"og:description\" content=\"SERVICIOS DE MARKETING Expertos en marketing en el sector deportivo para apoyar a nuestros clientes en todos sus modelos de negocio . ESPECIALISTAS Proceso de transformaci\u00f3n interna y externalizaci\u00f3n de los servicios de marketing. An\u00e1lisis, desarrollo e implementaci\u00f3n del plan de comunicaci\u00f3n. Generaci\u00f3n de contenidos en canales digitales. Funnels de venta especialistas en el sector [&hellip;]\" \/>\n<meta property=\"og:url\" content=\"https:\/\/www.mayoretty.com\/?page_id=222\" \/>\n<meta property=\"og:site_name\" content=\"La mayor plataforma de comunicaci\u00f3n y publicidad en centros de fitness y wellness\" \/>\n<meta property=\"article:modified_time\" content=\"2020-06-26T10:41:50+00:00\" \/>\n<meta property=\"og:image\" content=\"https:\/\/www.mayoretty.com\/wp-content\/uploads\/2016\/11\/CONSULTORIA_2-01.png\" \/>\n\t<meta property=\"og:image:width\" content=\"1170\" \/>\n\t<meta property=\"og:image:height\" content=\"321\" \/>\n\t<meta property=\"og:image:type\" content=\"image\/png\" \/>\n<meta name=\"twitter:card\" content=\"summary_large_image\" \/>\n<script type=\"application\/ld+json\" class=\"yoast-schema-graph\">{\"@context\":\"https:\\\/\\\/schema.org\",\"@graph\":[{\"@type\":\"WebPage\",\"@id\":\"https:\\\/\\\/www.mayoretty.com\\\/?page_id=222\",\"url\":\"https:\\\/\\\/www.mayoretty.com\\\/?page_id=222\",\"name\":\"Agencia Marketing - La mayor plataforma de comunicaci\u00f3n y publicidad en centros de fitness y wellness\",\"isPartOf\":{\"@id\":\"https:\\\/\\\/www.mayoretty.com\\\/#website\"},\"primaryImageOfPage\":{\"@id\":\"https:\\\/\\\/www.mayoretty.com\\\/?page_id=222#primaryimage\"},\"image\":{\"@id\":\"https:\\\/\\\/www.mayoretty.com\\\/?page_id=222#primaryimage\"},\"thumbnailUrl\":\"http:\\\/\\\/www.mayoretty.com\\\/wp-content\\\/uploads\\\/2016\\\/11\\\/CONSULTORIA_2-01.png\",\"datePublished\":\"2016-11-22T16:15:16+00:00\",\"dateModified\":\"2020-06-26T10:41:50+00:00\",\"breadcrumb\":{\"@id\":\"https:\\\/\\\/www.mayoretty.com\\\/?page_id=222#breadcrumb\"},\"inLanguage\":\"es\",\"potentialAction\":[{\"@type\":\"ReadAction\",\"target\":[\"https:\\\/\\\/www.mayoretty.com\\\/?page_id=222\"]}]},{\"@type\":\"ImageObject\",\"inLanguage\":\"es\",\"@id\":\"https:\\\/\\\/www.mayoretty.com\\\/?page_id=222#primaryimage\",\"url\":\"https:\\\/\\\/www.mayoretty.com\\\/wp-content\\\/uploads\\\/2016\\\/11\\\/CONSULTORIA_2-01.png\",\"contentUrl\":\"https:\\\/\\\/www.mayoretty.com\\\/wp-content\\\/uploads\\\/2016\\\/11\\\/CONSULTORIA_2-01.png\",\"width\":1170,\"height\":321},{\"@type\":\"BreadcrumbList\",\"@id\":\"https:\\\/\\\/www.mayoretty.com\\\/?page_id=222#breadcrumb\",\"itemListElement\":[{\"@type\":\"ListItem\",\"position\":1,\"name\":\"Portada\",\"item\":\"https:\\\/\\\/www.mayoretty.com\\\/\"},{\"@type\":\"ListItem\",\"position\":2,\"name\":\"Agencia Marketing\"}]},{\"@type\":\"WebSite\",\"@id\":\"https:\\\/\\\/www.mayoretty.com\\\/#website\",\"url\":\"https:\\\/\\\/www.mayoretty.com\\\/\",\"name\":\"La mayor plataforma de comunicaci\u00f3n y publicidad en centros de fitness y wellness\",\"description\":\"La mayor plataforma de comunicaci\u00f3n y publicidad en sector deportivo\",\"publisher\":{\"@id\":\"https:\\\/\\\/www.mayoretty.com\\\/#organization\"},\"potentialAction\":[{\"@type\":\"SearchAction\",\"target\":{\"@type\":\"EntryPoint\",\"urlTemplate\":\"https:\\\/\\\/www.mayoretty.com\\\/?s={search_term_string}\"},\"query-input\":{\"@type\":\"PropertyValueSpecification\",\"valueRequired\":true,\"valueName\":\"search_term_string\"}}],\"inLanguage\":\"es\"},{\"@type\":\"Organization\",\"@id\":\"https:\\\/\\\/www.mayoretty.com\\\/#organization\",\"name\":\"La mayor plataforma de comunicaci\u00f3n y publicidad en centros de fitness y wellness\",\"url\":\"https:\\\/\\\/www.mayoretty.com\\\/\",\"logo\":{\"@type\":\"ImageObject\",\"inLanguage\":\"es\",\"@id\":\"https:\\\/\\\/www.mayoretty.com\\\/#\\\/schema\\\/logo\\\/image\\\/\",\"url\":\"https:\\\/\\\/www.mayoretty.com\\\/wp-content\\\/uploads\\\/2020\\\/06\\\/cropped-logo_complet-01.png\",\"contentUrl\":\"https:\\\/\\\/www.mayoretty.com\\\/wp-content\\\/uploads\\\/2020\\\/06\\\/cropped-logo_complet-01.png\",\"width\":854,\"height\":329,\"caption\":\"La mayor plataforma de comunicaci\u00f3n y publicidad en centros de fitness y wellness\"},\"image\":{\"@id\":\"https:\\\/\\\/www.mayoretty.com\\\/#\\\/schema\\\/logo\\\/image\\\/\"}}]}<\/script>\n<!-- \/ Yoast SEO plugin. -->","yoast_head_json":{"title":"Agencia Marketing - La mayor plataforma de comunicaci\u00f3n y publicidad en centros de fitness y wellness","robots":{"index":"index","follow":"follow","max-snippet":"max-snippet:-1","max-image-preview":"max-image-preview:large","max-video-preview":"max-video-preview:-1"},"canonical":"https:\/\/www.mayoretty.com\/?page_id=222","og_locale":"es_ES","og_type":"article","og_title":"Agencia Marketing - La mayor plataforma de comunicaci\u00f3n y publicidad en centros de fitness y wellness","og_description":"SERVICIOS DE MARKETING Expertos en marketing en el sector deportivo para apoyar a nuestros clientes en todos sus modelos de negocio . ESPECIALISTAS Proceso de transformaci\u00f3n interna y externalizaci\u00f3n de los servicios de marketing. An\u00e1lisis, desarrollo e implementaci\u00f3n del plan de comunicaci\u00f3n. Generaci\u00f3n de contenidos en canales digitales. Funnels de venta especialistas en el sector [&hellip;]","og_url":"https:\/\/www.mayoretty.com\/?page_id=222","og_site_name":"La mayor plataforma de comunicaci\u00f3n y publicidad en centros de fitness y wellness","article_modified_time":"2020-06-26T10:41:50+00:00","og_image":[{"width":1170,"height":321,"url":"https:\/\/www.mayoretty.com\/wp-content\/uploads\/2016\/11\/CONSULTORIA_2-01.png","type":"image\/png"}],"twitter_card":"summary_large_image","schema":{"@context":"https:\/\/schema.org","@graph":[{"@type":"WebPage","@id":"https:\/\/www.mayoretty.com\/?page_id=222","url":"https:\/\/www.mayoretty.com\/?page_id=222","name":"Agencia Marketing - La mayor plataforma de comunicaci\u00f3n y publicidad en centros de fitness y wellness","isPartOf":{"@id":"https:\/\/www.mayoretty.com\/#website"},"primaryImageOfPage":{"@id":"https:\/\/www.mayoretty.com\/?page_id=222#primaryimage"},"image":{"@id":"https:\/\/www.mayoretty.com\/?page_id=222#primaryimage"},"thumbnailUrl":"http:\/\/www.mayoretty.com\/wp-content\/uploads\/2016\/11\/CONSULTORIA_2-01.png","datePublished":"2016-11-22T16:15:16+00:00","dateModified":"2020-06-26T10:41:50+00:00","breadcrumb":{"@id":"https:\/\/www.mayoretty.com\/?page_id=222#breadcrumb"},"inLanguage":"es","potentialAction":[{"@type":"ReadAction","target":["https:\/\/www.mayoretty.com\/?page_id=222"]}]},{"@type":"ImageObject","inLanguage":"es","@id":"https:\/\/www.mayoretty.com\/?page_id=222#primaryimage","url":"https:\/\/www.mayoretty.com\/wp-content\/uploads\/2016\/11\/CONSULTORIA_2-01.png","contentUrl":"https:\/\/www.mayoretty.com\/wp-content\/uploads\/2016\/11\/CONSULTORIA_2-01.png","width":1170,"height":321},{"@type":"BreadcrumbList","@id":"https:\/\/www.mayoretty.com\/?page_id=222#breadcrumb","itemListElement":[{"@type":"ListItem","position":1,"name":"Portada","item":"https:\/\/www.mayoretty.com\/"},{"@type":"ListItem","position":2,"name":"Agencia Marketing"}]},{"@type":"WebSite","@id":"https:\/\/www.mayoretty.com\/#website","url":"https:\/\/www.mayoretty.com\/","name":"La mayor plataforma de comunicaci\u00f3n y publicidad en centros de fitness y wellness","description":"La mayor plataforma de comunicaci\u00f3n y publicidad en sector deportivo","publisher":{"@id":"https:\/\/www.mayoretty.com\/#organization"},"potentialAction":[{"@type":"SearchAction","target":{"@type":"EntryPoint","urlTemplate":"https:\/\/www.mayoretty.com\/?s={search_term_string}"},"query-input":{"@type":"PropertyValueSpecification","valueRequired":true,"valueName":"search_term_string"}}],"inLanguage":"es"},{"@type":"Organization","@id":"https:\/\/www.mayoretty.com\/#organization","name":"La mayor plataforma de comunicaci\u00f3n y publicidad en centros de fitness y wellness","url":"https:\/\/www.mayoretty.com\/","logo":{"@type":"ImageObject","inLanguage":"es","@id":"https:\/\/www.mayoretty.com\/#\/schema\/logo\/image\/","url":"https:\/\/www.mayoretty.com\/wp-content\/uploads\/2020\/06\/cropped-logo_complet-01.png","contentUrl":"https:\/\/www.mayoretty.com\/wp-content\/uploads\/2020\/06\/cropped-logo_complet-01.png","width":854,"height":329,"caption":"La mayor plataforma de comunicaci\u00f3n y publicidad en centros de fitness y wellness"},"image":{"@id":"https:\/\/www.mayoretty.com\/#\/schema\/logo\/image\/"}}]}},"jetpack_sharing_enabled":true,"jetpack_shortlink":"https:\/\/wp.me\/P5CDwf-3A","jetpack_likes_enabled":true,"_links":{"self":[{"href":"https:\/\/www.mayoretty.com\/index.php?rest_route=\/wp\/v2\/pages\/222","targetHints":{"allow":["GET"]}}],"collection":[{"href":"https:\/\/www.mayoretty.com\/index.php?rest_route=\/wp\/v2\/pages"}],"about":[{"href":"https:\/\/www.mayoretty.com\/index.php?rest_route=\/wp\/v2\/types\/page"}],"author":[{"embeddable":true,"href":"https:\/\/www.mayoretty.com\/index.php?rest_route=\/wp\/v2\/users\/1"}],"replies":[{"embeddable":true,"href":"https:\/\/www.mayoretty.com\/index.php?rest_route=%2Fwp%2Fv2%2Fcomments&post=222"}],"version-history":[{"count":6,"href":"https:\/\/www.mayoretty.com\/index.php?rest_route=\/wp\/v2\/pages\/222\/revisions"}],"predecessor-version":[{"id":565,"href":"https:\/\/www.mayoretty.com\/index.php?rest_route=\/wp\/v2\/pages\/222\/revisions\/565"}],"wp:attachment":[{"href":"https:\/\/www.mayoretty.com\/index.php?rest_route=%2Fwp%2Fv2%2Fmedia&parent=222"}],"curies":[{"name":"wp","href":"https:\/\/api.w.org\/{rel}","templated":true}]}}