{"id":252,"date":"2016-11-22T23:56:28","date_gmt":"2016-11-22T23:56:28","guid":{"rendered":"http:\/\/www.mayoretty.com\/?page_id=252"},"modified":"2016-11-24T08:29:17","modified_gmt":"2016-11-24T08:29:17","slug":"soy-centro-fitness","status":"publish","type":"page","link":"https:\/\/www.mayoretty.com\/?page_id=252","title":{"rendered":"Soy CENTRO FITNESS"},"content":{"rendered":"<h1 style=\"text-align: center;\">Quieres formar parte del <span style=\"color: #f6323e;\">MAYOR canal de COMUNICACI\u00d3N<\/span> a trav\u00e9s de pantallas de TV en <span style=\"color: #f6323e;\">centros de fitness y wellness<\/span> de Espa\u00f1a?<\/h1>\n<p><a href=\"http:\/\/www.mayoretty.com\/wp-content\/uploads\/2016\/11\/SOY-CENTRO-FITNESS_CANAL-TV-01.png\"><img loading=\"lazy\" decoding=\"async\" class=\"alignnone size-full wp-image-348\" src=\"http:\/\/www.mayoretty.com\/wp-content\/uploads\/2016\/11\/SOY-CENTRO-FITNESS_CANAL-TV-01.png\" alt=\"SOY CENTRO FITNESS_CANAL TV-01\" width=\"1170\" height=\"321\" srcset=\"https:\/\/www.mayoretty.com\/wp-content\/uploads\/2016\/11\/SOY-CENTRO-FITNESS_CANAL-TV-01.png 1170w, https:\/\/www.mayoretty.com\/wp-content\/uploads\/2016\/11\/SOY-CENTRO-FITNESS_CANAL-TV-01-300x82.png 300w, https:\/\/www.mayoretty.com\/wp-content\/uploads\/2016\/11\/SOY-CENTRO-FITNESS_CANAL-TV-01-1024x280.png 1024w\" sizes=\"auto, (max-width: 1170px) 100vw, 1170px\" \/><\/a><\/p>\n<hr \/>\n<h1 style=\"text-align: center;\">\u00a01<\/h1>\n<p style=\"text-align: center;\"><span style=\"color: #f6323e;\"><span style=\"color: #000000;\">Te podemos crear<\/span> <strong>TU CANAL DE TV PERSONALIZADO <\/strong><span style=\"color: #000000;\">y tu lo podr\u00e1s gestionar con total autonom\u00eda<\/span><\/span><\/p>\n<hr \/>\n<h1 style=\"text-align: center;\">\u00a02<\/h1>\n<p style=\"text-align: center;\">Con nuestra herramienta te ayudamos en tu <strong><span style=\"color: #f6323e;\">PLAN DE COMUNICACI\u00d3N<\/span><\/strong><\/p>\n<hr \/>\n<h1 style=\"text-align: center;\">\u00a03<\/h1>\n<p style=\"text-align: center;\">Puede ser una nueva plataforma de <strong><span style=\"color: #f6323e;\">COMERCIALIZACI\u00d3N PUBLICITARIA<\/span><\/strong><\/p>\n<hr \/>\n<h1 style=\"text-align: center;\">Necesitas <span style=\"color: #f6323e;\">externalizar<\/span> o un<span style=\"color: #f6323e;\"> soporte<\/span> en tu departamento de <span style=\"color: #f6323e;\">marketing<\/span>?<\/h1>\n<p><a href=\"http:\/\/www.mayoretty.com\/wp-content\/uploads\/2016\/11\/SOY-CENTRO-FITNESS_CONSULTORIA-01.png\"><img loading=\"lazy\" decoding=\"async\" class=\"alignnone size-full wp-image-349\" src=\"http:\/\/www.mayoretty.com\/wp-content\/uploads\/2016\/11\/SOY-CENTRO-FITNESS_CONSULTORIA-01.png\" alt=\"SOY CENTRO FITNESS_CONSULTORIA-01\" width=\"1170\" height=\"321\" srcset=\"https:\/\/www.mayoretty.com\/wp-content\/uploads\/2016\/11\/SOY-CENTRO-FITNESS_CONSULTORIA-01.png 1170w, https:\/\/www.mayoretty.com\/wp-content\/uploads\/2016\/11\/SOY-CENTRO-FITNESS_CONSULTORIA-01-300x82.png 300w, https:\/\/www.mayoretty.com\/wp-content\/uploads\/2016\/11\/SOY-CENTRO-FITNESS_CONSULTORIA-01-1024x280.png 1024w\" sizes=\"auto, (max-width: 1170px) 100vw, 1170px\" \/><\/a><\/p>\n<hr \/>\n<h1 style=\"text-align: center;\">\u00a01<\/h1>\n<p style=\"text-align: center;\">Servicios de <strong><span style=\"color: #f6323e;\">marketing estrat\u00e9gico<\/span><\/strong> a la medida de las necesidades de cada cliente<\/p>\n<hr \/>\n<h1 style=\"text-align: center;\">\u00a02<\/h1>\n<p style=\"text-align: center;\"><strong><span style=\"color: #f6323e;\">Facultamos a tu equipo<\/span><\/strong> del conocimiento necesario para implementar vuestra estrategia<\/p>\n<hr \/>\n<h1 style=\"text-align: center;\">3<\/h1>\n<p style=\"text-align: center;\">Marcamos <span style=\"color: #f6323e;\"><strong>\u00e9xitos a corto plazo<\/strong><\/span> para mantener la tensi\u00f3n necesaria para conseguir vuestros objetivos estrat\u00e9gicos<\/p>\n<hr \/>\n<h1 style=\"text-align: right;\"><a title=\"Preparados, listos\u2026\" href=\"http:\/\/www.mayoretty.com\/?page_id=256\">Preparados, listos&#8230;<\/a><\/h1>\n","protected":false},"excerpt":{"rendered":"<p>Quieres formar parte del MAYOR canal de COMUNICACI\u00d3N a trav\u00e9s de pantallas de TV en centros de fitness y wellness de Espa\u00f1a? \u00a01 Te podemos crear TU CANAL DE TV PERSONALIZADO y tu lo podr\u00e1s gestionar con total autonom\u00eda \u00a02 Con nuestra herramienta te ayudamos en tu PLAN DE COMUNICACI\u00d3N \u00a03 Puede ser una nueva [&hellip;]<\/p>\n","protected":false},"author":1,"featured_media":281,"parent":0,"menu_order":0,"comment_status":"closed","ping_status":"closed","template":"","meta":{"footnotes":""},"class_list":["post-252","page","type-page","status-publish","has-post-thumbnail","czr-hentry"],"yoast_head":"<!-- This site is optimized with the Yoast SEO plugin v27.5 - https:\/\/yoast.com\/product\/yoast-seo-wordpress\/ -->\n<title>Soy CENTRO FITNESS - La mayor plataforma de comunicaci\u00f3n y publicidad en centros de fitness y wellness<\/title>\n<meta name=\"robots\" content=\"index, follow, max-snippet:-1, max-image-preview:large, max-video-preview:-1\" \/>\n<link rel=\"canonical\" href=\"https:\/\/www.mayoretty.com\/?page_id=252\" \/>\n<meta property=\"og:locale\" content=\"es_ES\" \/>\n<meta property=\"og:type\" content=\"article\" \/>\n<meta property=\"og:title\" content=\"Soy CENTRO FITNESS - La mayor plataforma de comunicaci\u00f3n y publicidad en centros de fitness y wellness\" \/>\n<meta property=\"og:description\" content=\"Quieres formar parte del MAYOR canal de COMUNICACI\u00d3N a trav\u00e9s de pantallas de TV en centros de fitness y wellness de Espa\u00f1a? \u00a01 Te podemos crear TU CANAL DE TV PERSONALIZADO y tu lo podr\u00e1s gestionar con total autonom\u00eda \u00a02 Con nuestra herramienta te ayudamos en tu PLAN DE COMUNICACI\u00d3N \u00a03 Puede ser una nueva [&hellip;]\" \/>\n<meta property=\"og:url\" content=\"https:\/\/www.mayoretty.com\/?page_id=252\" \/>\n<meta property=\"og:site_name\" content=\"La mayor plataforma de comunicaci\u00f3n y publicidad en centros de fitness y wellness\" \/>\n<meta property=\"article:modified_time\" content=\"2016-11-24T08:29:17+00:00\" \/>\n<meta property=\"og:image\" content=\"https:\/\/www.mayoretty.com\/wp-content\/uploads\/2016\/11\/soyclub-01.png\" \/>\n\t<meta property=\"og:image:width\" content=\"270\" \/>\n\t<meta property=\"og:image:height\" content=\"250\" \/>\n\t<meta property=\"og:image:type\" content=\"image\/png\" \/>\n<meta name=\"twitter:card\" content=\"summary_large_image\" \/>\n<meta name=\"twitter:label1\" content=\"Tiempo de lectura\" \/>\n\t<meta name=\"twitter:data1\" content=\"1 minuto\" \/>\n<script type=\"application\/ld+json\" class=\"yoast-schema-graph\">{\"@context\":\"https:\\\/\\\/schema.org\",\"@graph\":[{\"@type\":\"WebPage\",\"@id\":\"https:\\\/\\\/www.mayoretty.com\\\/?page_id=252\",\"url\":\"https:\\\/\\\/www.mayoretty.com\\\/?page_id=252\",\"name\":\"Soy CENTRO FITNESS - La mayor plataforma de comunicaci\u00f3n y publicidad en centros de fitness y wellness\",\"isPartOf\":{\"@id\":\"https:\\\/\\\/www.mayoretty.com\\\/#website\"},\"primaryImageOfPage\":{\"@id\":\"https:\\\/\\\/www.mayoretty.com\\\/?page_id=252#primaryimage\"},\"image\":{\"@id\":\"https:\\\/\\\/www.mayoretty.com\\\/?page_id=252#primaryimage\"},\"thumbnailUrl\":\"https:\\\/\\\/www.mayoretty.com\\\/wp-content\\\/uploads\\\/2016\\\/11\\\/soyclub-01.png\",\"datePublished\":\"2016-11-22T23:56:28+00:00\",\"dateModified\":\"2016-11-24T08:29:17+00:00\",\"breadcrumb\":{\"@id\":\"https:\\\/\\\/www.mayoretty.com\\\/?page_id=252#breadcrumb\"},\"inLanguage\":\"es\",\"potentialAction\":[{\"@type\":\"ReadAction\",\"target\":[\"https:\\\/\\\/www.mayoretty.com\\\/?page_id=252\"]}]},{\"@type\":\"ImageObject\",\"inLanguage\":\"es\",\"@id\":\"https:\\\/\\\/www.mayoretty.com\\\/?page_id=252#primaryimage\",\"url\":\"https:\\\/\\\/www.mayoretty.com\\\/wp-content\\\/uploads\\\/2016\\\/11\\\/soyclub-01.png\",\"contentUrl\":\"https:\\\/\\\/www.mayoretty.com\\\/wp-content\\\/uploads\\\/2016\\\/11\\\/soyclub-01.png\",\"width\":270,\"height\":250},{\"@type\":\"BreadcrumbList\",\"@id\":\"https:\\\/\\\/www.mayoretty.com\\\/?page_id=252#breadcrumb\",\"itemListElement\":[{\"@type\":\"ListItem\",\"position\":1,\"name\":\"Portada\",\"item\":\"https:\\\/\\\/www.mayoretty.com\\\/\"},{\"@type\":\"ListItem\",\"position\":2,\"name\":\"Soy CENTRO FITNESS\"}]},{\"@type\":\"WebSite\",\"@id\":\"https:\\\/\\\/www.mayoretty.com\\\/#website\",\"url\":\"https:\\\/\\\/www.mayoretty.com\\\/\",\"name\":\"La mayor plataforma de comunicaci\u00f3n y publicidad en centros de fitness y wellness\",\"description\":\"La mayor plataforma de comunicaci\u00f3n y publicidad en sector deportivo\",\"publisher\":{\"@id\":\"https:\\\/\\\/www.mayoretty.com\\\/#organization\"},\"potentialAction\":[{\"@type\":\"SearchAction\",\"target\":{\"@type\":\"EntryPoint\",\"urlTemplate\":\"https:\\\/\\\/www.mayoretty.com\\\/?s={search_term_string}\"},\"query-input\":{\"@type\":\"PropertyValueSpecification\",\"valueRequired\":true,\"valueName\":\"search_term_string\"}}],\"inLanguage\":\"es\"},{\"@type\":\"Organization\",\"@id\":\"https:\\\/\\\/www.mayoretty.com\\\/#organization\",\"name\":\"La mayor plataforma de comunicaci\u00f3n y publicidad en centros de fitness y wellness\",\"url\":\"https:\\\/\\\/www.mayoretty.com\\\/\",\"logo\":{\"@type\":\"ImageObject\",\"inLanguage\":\"es\",\"@id\":\"https:\\\/\\\/www.mayoretty.com\\\/#\\\/schema\\\/logo\\\/image\\\/\",\"url\":\"https:\\\/\\\/www.mayoretty.com\\\/wp-content\\\/uploads\\\/2020\\\/06\\\/cropped-logo_complet-01.png\",\"contentUrl\":\"https:\\\/\\\/www.mayoretty.com\\\/wp-content\\\/uploads\\\/2020\\\/06\\\/cropped-logo_complet-01.png\",\"width\":854,\"height\":329,\"caption\":\"La mayor plataforma de comunicaci\u00f3n y publicidad en centros de fitness y wellness\"},\"image\":{\"@id\":\"https:\\\/\\\/www.mayoretty.com\\\/#\\\/schema\\\/logo\\\/image\\\/\"}}]}<\/script>\n<!-- \/ Yoast SEO plugin. -->","yoast_head_json":{"title":"Soy CENTRO FITNESS - La mayor plataforma de comunicaci\u00f3n y publicidad en centros de fitness y wellness","robots":{"index":"index","follow":"follow","max-snippet":"max-snippet:-1","max-image-preview":"max-image-preview:large","max-video-preview":"max-video-preview:-1"},"canonical":"https:\/\/www.mayoretty.com\/?page_id=252","og_locale":"es_ES","og_type":"article","og_title":"Soy CENTRO FITNESS - La mayor plataforma de comunicaci\u00f3n y publicidad en centros de fitness y wellness","og_description":"Quieres formar parte del MAYOR canal de COMUNICACI\u00d3N a trav\u00e9s de pantallas de TV en centros de fitness y wellness de Espa\u00f1a? \u00a01 Te podemos crear TU CANAL DE TV PERSONALIZADO y tu lo podr\u00e1s gestionar con total autonom\u00eda \u00a02 Con nuestra herramienta te ayudamos en tu PLAN DE COMUNICACI\u00d3N \u00a03 Puede ser una nueva [&hellip;]","og_url":"https:\/\/www.mayoretty.com\/?page_id=252","og_site_name":"La mayor plataforma de comunicaci\u00f3n y publicidad en centros de fitness y wellness","article_modified_time":"2016-11-24T08:29:17+00:00","og_image":[{"width":270,"height":250,"url":"https:\/\/www.mayoretty.com\/wp-content\/uploads\/2016\/11\/soyclub-01.png","type":"image\/png"}],"twitter_card":"summary_large_image","twitter_misc":{"Tiempo de lectura":"1 minuto"},"schema":{"@context":"https:\/\/schema.org","@graph":[{"@type":"WebPage","@id":"https:\/\/www.mayoretty.com\/?page_id=252","url":"https:\/\/www.mayoretty.com\/?page_id=252","name":"Soy CENTRO FITNESS - La mayor plataforma de comunicaci\u00f3n y publicidad en centros de fitness y wellness","isPartOf":{"@id":"https:\/\/www.mayoretty.com\/#website"},"primaryImageOfPage":{"@id":"https:\/\/www.mayoretty.com\/?page_id=252#primaryimage"},"image":{"@id":"https:\/\/www.mayoretty.com\/?page_id=252#primaryimage"},"thumbnailUrl":"https:\/\/www.mayoretty.com\/wp-content\/uploads\/2016\/11\/soyclub-01.png","datePublished":"2016-11-22T23:56:28+00:00","dateModified":"2016-11-24T08:29:17+00:00","breadcrumb":{"@id":"https:\/\/www.mayoretty.com\/?page_id=252#breadcrumb"},"inLanguage":"es","potentialAction":[{"@type":"ReadAction","target":["https:\/\/www.mayoretty.com\/?page_id=252"]}]},{"@type":"ImageObject","inLanguage":"es","@id":"https:\/\/www.mayoretty.com\/?page_id=252#primaryimage","url":"https:\/\/www.mayoretty.com\/wp-content\/uploads\/2016\/11\/soyclub-01.png","contentUrl":"https:\/\/www.mayoretty.com\/wp-content\/uploads\/2016\/11\/soyclub-01.png","width":270,"height":250},{"@type":"BreadcrumbList","@id":"https:\/\/www.mayoretty.com\/?page_id=252#breadcrumb","itemListElement":[{"@type":"ListItem","position":1,"name":"Portada","item":"https:\/\/www.mayoretty.com\/"},{"@type":"ListItem","position":2,"name":"Soy CENTRO FITNESS"}]},{"@type":"WebSite","@id":"https:\/\/www.mayoretty.com\/#website","url":"https:\/\/www.mayoretty.com\/","name":"La mayor plataforma de comunicaci\u00f3n y publicidad en centros de fitness y wellness","description":"La mayor plataforma de comunicaci\u00f3n y publicidad en sector deportivo","publisher":{"@id":"https:\/\/www.mayoretty.com\/#organization"},"potentialAction":[{"@type":"SearchAction","target":{"@type":"EntryPoint","urlTemplate":"https:\/\/www.mayoretty.com\/?s={search_term_string}"},"query-input":{"@type":"PropertyValueSpecification","valueRequired":true,"valueName":"search_term_string"}}],"inLanguage":"es"},{"@type":"Organization","@id":"https:\/\/www.mayoretty.com\/#organization","name":"La mayor plataforma de comunicaci\u00f3n y publicidad en centros de fitness y wellness","url":"https:\/\/www.mayoretty.com\/","logo":{"@type":"ImageObject","inLanguage":"es","@id":"https:\/\/www.mayoretty.com\/#\/schema\/logo\/image\/","url":"https:\/\/www.mayoretty.com\/wp-content\/uploads\/2020\/06\/cropped-logo_complet-01.png","contentUrl":"https:\/\/www.mayoretty.com\/wp-content\/uploads\/2020\/06\/cropped-logo_complet-01.png","width":854,"height":329,"caption":"La mayor plataforma de comunicaci\u00f3n y publicidad en centros de fitness y wellness"},"image":{"@id":"https:\/\/www.mayoretty.com\/#\/schema\/logo\/image\/"}}]}},"jetpack_sharing_enabled":true,"jetpack_shortlink":"https:\/\/wp.me\/P5CDwf-44","jetpack_likes_enabled":true,"_links":{"self":[{"href":"https:\/\/www.mayoretty.com\/index.php?rest_route=\/wp\/v2\/pages\/252","targetHints":{"allow":["GET"]}}],"collection":[{"href":"https:\/\/www.mayoretty.com\/index.php?rest_route=\/wp\/v2\/pages"}],"about":[{"href":"https:\/\/www.mayoretty.com\/index.php?rest_route=\/wp\/v2\/types\/page"}],"author":[{"embeddable":true,"href":"https:\/\/www.mayoretty.com\/index.php?rest_route=\/wp\/v2\/users\/1"}],"replies":[{"embeddable":true,"href":"https:\/\/www.mayoretty.com\/index.php?rest_route=%2Fwp%2Fv2%2Fcomments&post=252"}],"version-history":[{"count":10,"href":"https:\/\/www.mayoretty.com\/index.php?rest_route=\/wp\/v2\/pages\/252\/revisions"}],"predecessor-version":[{"id":351,"href":"https:\/\/www.mayoretty.com\/index.php?rest_route=\/wp\/v2\/pages\/252\/revisions\/351"}],"wp:featuredmedia":[{"embeddable":true,"href":"https:\/\/www.mayoretty.com\/index.php?rest_route=\/wp\/v2\/media\/281"}],"wp:attachment":[{"href":"https:\/\/www.mayoretty.com\/index.php?rest_route=%2Fwp%2Fv2%2Fmedia&parent=252"}],"curies":[{"name":"wp","href":"https:\/\/api.w.org\/{rel}","templated":true}]}}