{"id":421,"date":"2019-04-17T16:14:49","date_gmt":"2019-04-17T14:14:49","guid":{"rendered":"http:\/\/www.mayoretty.com\/?page_id=421"},"modified":"2025-11-06T11:27:36","modified_gmt":"2025-11-06T10:27:36","slug":"aviso-legal-y-politica-de-privacidad","status":"publish","type":"page","link":"https:\/\/www.mayoretty.com\/?page_id=421","title":{"rendered":"AVISO LEGAL Y POL\u00cdTICA DE PRIVACIDAD"},"content":{"rendered":"<p><strong>1. Aceptaci\u00f3n de las Condiciones de Uso<\/strong><\/p>\n<p>El acceso a la Web http:\/\/www.mayoretty.com\u00a0exige la aceptaci\u00f3n de las condiciones de uso que en cada momento se encuentren vigentes en \u00e9sta Web.<br \/>\n<strong>2. Propiedad Intelectual<\/strong><\/p>\n<p>El c\u00f3digo fuente, los dise\u00f1os gr\u00e1ficos, las im\u00e1genes, las fotograf\u00edas, las animaciones, el software, los textos, as\u00ed como la informaci\u00f3n y los contenidos que se recogen en http:\/\/www.mayoretty.com est\u00e1n protegidos por la legislaci\u00f3n espa\u00f1ola sobre los derechos de propiedad intelectual e industrial a favor de JUAN MAYOR CASANOVAS con domicilio social en la calle Bellprat 35, en Igualada, c\u00f3digo postal 08700 con CIF 46657964A. No se permite, la reproducci\u00f3n total o parcial de \u00e9sta Web, ni su tratamiento inform\u00e1tico, comunicaci\u00f3n p\u00fablica, distribuci\u00f3n, difusi\u00f3n, modificaci\u00f3n, transformaci\u00f3n o descompilaci\u00f3n, sin el permiso previo y por escrito de su titular, JUAN MAYOR CASANOVAS.<br \/>\nEl usuario, \u00fanica y exclusivamente podr\u00e1 utilizar el material que aparezca en \u00e9sta Web para su uso personal y privado, quedando prohibida su utilizaci\u00f3n con fines comerciales o para incurrir en actividades il\u00edcitas. Todos los derechos derivados de la propiedad intelectual est\u00e1n expresamente reservados por JUAN MAYOR CASANOVAS.<\/p>\n<p>JUAN MAYOR CASANOVAS. velar\u00e1 por el cumplimiento de las anteriores condiciones y para la debida utilizaci\u00f3n de los contenidos presentados en su portal, ejercitando todas las acciones civiles y penales que le correspondan en el caso de infracci\u00f3n o incumplimiento de \u00e9stos derechos por parte del usuario.<br \/>\n<strong>3. Protecci\u00f3n de Datos de Car\u00e1cter Personal<\/strong><\/p>\n<p>Los Datos Personales obtenidos mediante el registro de usuarios ser\u00e1n incorporados a los correspondientes ficheros registrados en la Agencia Espa\u00f1ola de Protecci\u00f3n de Datos, de los cuales la titularidad corresponde a JUAN MAYOR CASANOVAS. y cuya finalidad es el mantenimiento de la relaci\u00f3n comercial as\u00ed como el env\u00edo de boletines de noticias y de nuevos productos.<\/p>\n<p>JUAN MAYOR CASANOVAS. ha tomado las medidas de \u00edndole t\u00e9cnica y organizativa necesarias para garantizar la seguridad de los datos y evitar su alteraci\u00f3n, perdida, tratamiento o acceso no autorizado, teniendo en cuenta el estado de la tecnolog\u00eda, la naturaleza de los datos almacenados y los riesgos a que se encuentran expuestos, ya provengan de la acci\u00f3n humana o del medio f\u00edsico o natural. Se adoptaran las medidas de \u00edndole t\u00e9cnicas y organizativas que persigan alcanzar los objetivos b\u00e1sicos en materia de seguridad, como son: la confidencialidad, entendida como la limitaci\u00f3n de acceso a la informaci\u00f3n por personas no autorizadas; la integridad, entendida como el mantenimiento de la informaci\u00f3n fiable y con calidad, y la disponibilidad, entendida como la garant\u00eda de acceso al Sistema de Informaci\u00f3n por la solicitud de un usuario autorizado.<br \/>\n<strong>4. Cookies<\/strong><\/p>\n<p>Las cookies son peque\u00f1os archivos que nuestro ordenador trasmite al suyo, pero que no nos proporcionan informaci\u00f3n ni sobre su nombre, ni sobre cualquier otro dato de car\u00e1cter personal. El uso de cookies en la Web http:\/\/www.mayoretty.com\u00a0se limita \u00fanica y exclusivamente a efectos de funcionamiento, seguridad y estad\u00edsticos. Las cookies que utilizamos no pueden leer datos de su ordenador ni leer las cookies que existieran en su ordenador de otras Web. Si quiere puede configurar su navegador para que le avise en pantalla que va ha recibir una cookie. Si el usuario decide que su ordenador no reciba \u00e9stas cookies, esto no impedir\u00e1 que se pueda acceder a la informaci\u00f3n de la p\u00e1gina http:\/\/www.mayoretty.com. M\u00e1s informaci\u00f3n en:\u00a0<a href=\"http:\/\/www.miclubdecompra.com\/es\/content\/16-uso-de-cookies\">Pol\u00edtica uso cookies<\/a>.<br \/>\n<strong>5. Limitaci\u00f3n de la Responsabilidad<\/strong><\/p>\n<p>JUAN MAYOR CASANOVAS no se responsabiliza de los posibles da\u00f1os o perjuicios que puedan suceder como consecuencia del uso de los contenidos de la Web, siendo de exclusiva responsabilidad del usuario que acceda a los mismos.<\/p>\n<p>En el mismo sentido, JUAN MAYOR CASANOVAS no se responsabiliza de los posibles perjuicios que se puedan derivar del uso de una versi\u00f3n no actualizada o defectuosa del navegador, de interrupciones en la conexi\u00f3n que se produzcan durante la transmisi\u00f3n de datos, virus inform\u00e1ticos, aver\u00edas o desconexiones en el funcionamiento del sistema telem\u00e1tico, de bloqueos causados por deficiencias o sobrecargas de las l\u00edneas telef\u00f3nicas, as\u00ed como de da\u00f1os provocados por terceras personas mediante intromisiones no autorizadas.<\/p>\n<p>La Web de JUAN MAYOR CASANOVAS.. contiene enlaces a otras Web que pueden resultar de inter\u00e9s para los usuarios. JUAN MAYOR CASANOVAS. no asume ninguna responsabilidad sobre \u00e9stos enlaces, sin que se pueda dar ninguna garant\u00eda en el cumplimiento de Pol\u00edticas de Privacidad adecuadas, motivo por el cual el usuario accede al contenido de las referidas Webs en las condiciones de uso que se fijen en las mismas y bajo su exclusiva responsabilidad.<br \/>\nJUAN MAYOR CASANOVAS. no se hace responsable del incumplimiento de cualquier norma aplicable en que pueda incurrir el usuario en su acceso a la Web http:\/\/www.mayoretty.com y\/o en el uso de las informaciones contenidas en ella.<\/p>\n<p>JUAN MAYOR CASANOVAS.. se reserva el derecho a interrumpir o denegar discrecionalmente, en cualquier momento y sin necesidad de previo aviso, el acceso de cualquier usuario a los contenidos de acceso<br \/>\n<strong>6. Responsabilidad<\/strong><\/p>\n<p>En definitiva, el usuario es el \u00fanico responsable del uso que realice de los servicios, contenidos, enlaces (links) e hipertextos incluidos en la Web http:\/\/www.mayoretty.com<br \/>\n<strong>7. Pol\u00edtica de Privacidad<\/strong><\/p>\n<p>Los Datos de Car\u00e1cter Personal recabados mediante los diferentes medios que JUAN MAYOR CASANOVAS. pone a disposici\u00f3n de los usuarios de la Web JUAN MAYOR CASANOVAS, est\u00e1n sujetos a los t\u00e9rminos recogidos en nuestra Pol\u00edtica de Privacidad<br \/>\n<strong>8. Reserva<\/strong><\/p>\n<p>JUAN MAYOR CASANOVAS. se reserva la facultad en todo momento, sin necesidad de previo aviso, de efectuar modificaciones y actualizaciones de la informaci\u00f3n contenida en su Web o a la configuraci\u00f3n y presentaci\u00f3n de \u00e9sta. As\u00ed mismo se reserva el derecho a suspender temporalmente, y sin necesidad de previo aviso, la accesibilidad a la p\u00e1gina Web por razones de eventual necesidad y para efectuar operaciones de mantenimiento, reparaci\u00f3n o mejoras.<br \/>\nJUAN MAYOR CASANOVAS. se reserva el derecho a incluir o retirar total o parcialmente de la Web, cualquier informaci\u00f3n a su exclusiva discreci\u00f3n<br \/>\n<strong>9. Ley aplicable y Jurisdicci\u00f3n<\/strong><\/p>\n<p>Para todas aquellas cuestiones que se puedan suscitar con motivo de interpretaci\u00f3n, ejecuci\u00f3n o eventual incumplimiento de las presentes condiciones de utilizaci\u00f3n, los usuarios, con renuncia a su propio aforamiento, y con independencia del lugar donde se suscite cualquier disputa, se someter\u00e1n expresamente a la competencia y jurisdicci\u00f3n de los juzgados y tribunales de Barcelona.<\/p>\n<p>Las presentes condiciones se regir\u00e1n, en todo caso, por la legislaci\u00f3n espa\u00f1ola.<\/p>\n","protected":false},"excerpt":{"rendered":"<p>1. Aceptaci\u00f3n de las Condiciones de Uso El acceso a la Web http:\/\/www.mayoretty.com\u00a0exige la aceptaci\u00f3n de las condiciones de uso que en cada momento se encuentren vigentes en \u00e9sta Web. 2. Propiedad Intelectual El c\u00f3digo fuente, los dise\u00f1os gr\u00e1ficos, las im\u00e1genes, las fotograf\u00edas, las animaciones, el software, los textos, as\u00ed como la informaci\u00f3n y los [&hellip;]<\/p>\n","protected":false},"author":1,"featured_media":0,"parent":0,"menu_order":0,"comment_status":"closed","ping_status":"closed","template":"","meta":{"footnotes":""},"class_list":["post-421","page","type-page","status-publish","czr-hentry"],"yoast_head":"<!-- This site is optimized with the Yoast SEO plugin v27.6 - https:\/\/yoast.com\/product\/yoast-seo-wordpress\/ -->\n<title>AVISO LEGAL Y POL\u00cdTICA DE PRIVACIDAD - La mayor plataforma de comunicaci\u00f3n y publicidad en centros de fitness y wellness<\/title>\n<meta name=\"robots\" content=\"index, follow, max-snippet:-1, max-image-preview:large, max-video-preview:-1\" \/>\n<link rel=\"canonical\" href=\"https:\/\/www.mayoretty.com\/?page_id=421\" \/>\n<meta property=\"og:locale\" content=\"es_ES\" \/>\n<meta property=\"og:type\" content=\"article\" \/>\n<meta property=\"og:title\" content=\"AVISO LEGAL Y POL\u00cdTICA DE PRIVACIDAD - La mayor plataforma de comunicaci\u00f3n y publicidad en centros de fitness y wellness\" \/>\n<meta property=\"og:description\" content=\"1. Aceptaci\u00f3n de las Condiciones de Uso El acceso a la Web http:\/\/www.mayoretty.com\u00a0exige la aceptaci\u00f3n de las condiciones de uso que en cada momento se encuentren vigentes en \u00e9sta Web. 2. Propiedad Intelectual El c\u00f3digo fuente, los dise\u00f1os gr\u00e1ficos, las im\u00e1genes, las fotograf\u00edas, las animaciones, el software, los textos, as\u00ed como la informaci\u00f3n y los [&hellip;]\" \/>\n<meta property=\"og:url\" content=\"https:\/\/www.mayoretty.com\/?page_id=421\" \/>\n<meta property=\"og:site_name\" content=\"La mayor plataforma de comunicaci\u00f3n y publicidad en centros de fitness y wellness\" \/>\n<meta property=\"article:modified_time\" content=\"2025-11-06T10:27:36+00:00\" \/>\n<meta name=\"twitter:card\" content=\"summary_large_image\" \/>\n<meta name=\"twitter:label1\" content=\"Tiempo de lectura\" \/>\n\t<meta name=\"twitter:data1\" content=\"5 minutos\" \/>\n<script type=\"application\/ld+json\" class=\"yoast-schema-graph\">{\"@context\":\"https:\\\/\\\/schema.org\",\"@graph\":[{\"@type\":\"WebPage\",\"@id\":\"https:\\\/\\\/www.mayoretty.com\\\/?page_id=421\",\"url\":\"https:\\\/\\\/www.mayoretty.com\\\/?page_id=421\",\"name\":\"AVISO LEGAL Y POL\u00cdTICA DE PRIVACIDAD - La mayor plataforma de comunicaci\u00f3n y publicidad en centros de fitness y wellness\",\"isPartOf\":{\"@id\":\"https:\\\/\\\/www.mayoretty.com\\\/#website\"},\"datePublished\":\"2019-04-17T14:14:49+00:00\",\"dateModified\":\"2025-11-06T10:27:36+00:00\",\"breadcrumb\":{\"@id\":\"https:\\\/\\\/www.mayoretty.com\\\/?page_id=421#breadcrumb\"},\"inLanguage\":\"es\",\"potentialAction\":[{\"@type\":\"ReadAction\",\"target\":[\"https:\\\/\\\/www.mayoretty.com\\\/?page_id=421\"]}]},{\"@type\":\"BreadcrumbList\",\"@id\":\"https:\\\/\\\/www.mayoretty.com\\\/?page_id=421#breadcrumb\",\"itemListElement\":[{\"@type\":\"ListItem\",\"position\":1,\"name\":\"Portada\",\"item\":\"https:\\\/\\\/www.mayoretty.com\\\/\"},{\"@type\":\"ListItem\",\"position\":2,\"name\":\"AVISO LEGAL Y POL\u00cdTICA DE PRIVACIDAD\"}]},{\"@type\":\"WebSite\",\"@id\":\"https:\\\/\\\/www.mayoretty.com\\\/#website\",\"url\":\"https:\\\/\\\/www.mayoretty.com\\\/\",\"name\":\"La mayor plataforma de comunicaci\u00f3n y publicidad en centros de fitness y wellness\",\"description\":\"La mayor plataforma de comunicaci\u00f3n y publicidad en sector deportivo\",\"publisher\":{\"@id\":\"https:\\\/\\\/www.mayoretty.com\\\/#organization\"},\"potentialAction\":[{\"@type\":\"SearchAction\",\"target\":{\"@type\":\"EntryPoint\",\"urlTemplate\":\"https:\\\/\\\/www.mayoretty.com\\\/?s={search_term_string}\"},\"query-input\":{\"@type\":\"PropertyValueSpecification\",\"valueRequired\":true,\"valueName\":\"search_term_string\"}}],\"inLanguage\":\"es\"},{\"@type\":\"Organization\",\"@id\":\"https:\\\/\\\/www.mayoretty.com\\\/#organization\",\"name\":\"La mayor plataforma de comunicaci\u00f3n y publicidad en centros de fitness y wellness\",\"url\":\"https:\\\/\\\/www.mayoretty.com\\\/\",\"logo\":{\"@type\":\"ImageObject\",\"inLanguage\":\"es\",\"@id\":\"https:\\\/\\\/www.mayoretty.com\\\/#\\\/schema\\\/logo\\\/image\\\/\",\"url\":\"https:\\\/\\\/www.mayoretty.com\\\/wp-content\\\/uploads\\\/2020\\\/06\\\/cropped-logo_complet-01.png\",\"contentUrl\":\"https:\\\/\\\/www.mayoretty.com\\\/wp-content\\\/uploads\\\/2020\\\/06\\\/cropped-logo_complet-01.png\",\"width\":854,\"height\":329,\"caption\":\"La mayor plataforma de comunicaci\u00f3n y publicidad en centros de fitness y wellness\"},\"image\":{\"@id\":\"https:\\\/\\\/www.mayoretty.com\\\/#\\\/schema\\\/logo\\\/image\\\/\"}}]}<\/script>\n<!-- \/ Yoast SEO plugin. -->","yoast_head_json":{"title":"AVISO LEGAL Y POL\u00cdTICA DE PRIVACIDAD - La mayor plataforma de comunicaci\u00f3n y publicidad en centros de fitness y wellness","robots":{"index":"index","follow":"follow","max-snippet":"max-snippet:-1","max-image-preview":"max-image-preview:large","max-video-preview":"max-video-preview:-1"},"canonical":"https:\/\/www.mayoretty.com\/?page_id=421","og_locale":"es_ES","og_type":"article","og_title":"AVISO LEGAL Y POL\u00cdTICA DE PRIVACIDAD - La mayor plataforma de comunicaci\u00f3n y publicidad en centros de fitness y wellness","og_description":"1. Aceptaci\u00f3n de las Condiciones de Uso El acceso a la Web http:\/\/www.mayoretty.com\u00a0exige la aceptaci\u00f3n de las condiciones de uso que en cada momento se encuentren vigentes en \u00e9sta Web. 2. Propiedad Intelectual El c\u00f3digo fuente, los dise\u00f1os gr\u00e1ficos, las im\u00e1genes, las fotograf\u00edas, las animaciones, el software, los textos, as\u00ed como la informaci\u00f3n y los [&hellip;]","og_url":"https:\/\/www.mayoretty.com\/?page_id=421","og_site_name":"La mayor plataforma de comunicaci\u00f3n y publicidad en centros de fitness y wellness","article_modified_time":"2025-11-06T10:27:36+00:00","twitter_card":"summary_large_image","twitter_misc":{"Tiempo de lectura":"5 minutos"},"schema":{"@context":"https:\/\/schema.org","@graph":[{"@type":"WebPage","@id":"https:\/\/www.mayoretty.com\/?page_id=421","url":"https:\/\/www.mayoretty.com\/?page_id=421","name":"AVISO LEGAL Y POL\u00cdTICA DE PRIVACIDAD - La mayor plataforma de comunicaci\u00f3n y publicidad en centros de fitness y wellness","isPartOf":{"@id":"https:\/\/www.mayoretty.com\/#website"},"datePublished":"2019-04-17T14:14:49+00:00","dateModified":"2025-11-06T10:27:36+00:00","breadcrumb":{"@id":"https:\/\/www.mayoretty.com\/?page_id=421#breadcrumb"},"inLanguage":"es","potentialAction":[{"@type":"ReadAction","target":["https:\/\/www.mayoretty.com\/?page_id=421"]}]},{"@type":"BreadcrumbList","@id":"https:\/\/www.mayoretty.com\/?page_id=421#breadcrumb","itemListElement":[{"@type":"ListItem","position":1,"name":"Portada","item":"https:\/\/www.mayoretty.com\/"},{"@type":"ListItem","position":2,"name":"AVISO LEGAL Y POL\u00cdTICA DE PRIVACIDAD"}]},{"@type":"WebSite","@id":"https:\/\/www.mayoretty.com\/#website","url":"https:\/\/www.mayoretty.com\/","name":"La mayor plataforma de comunicaci\u00f3n y publicidad en centros de fitness y wellness","description":"La mayor plataforma de comunicaci\u00f3n y publicidad en sector deportivo","publisher":{"@id":"https:\/\/www.mayoretty.com\/#organization"},"potentialAction":[{"@type":"SearchAction","target":{"@type":"EntryPoint","urlTemplate":"https:\/\/www.mayoretty.com\/?s={search_term_string}"},"query-input":{"@type":"PropertyValueSpecification","valueRequired":true,"valueName":"search_term_string"}}],"inLanguage":"es"},{"@type":"Organization","@id":"https:\/\/www.mayoretty.com\/#organization","name":"La mayor plataforma de comunicaci\u00f3n y publicidad en centros de fitness y wellness","url":"https:\/\/www.mayoretty.com\/","logo":{"@type":"ImageObject","inLanguage":"es","@id":"https:\/\/www.mayoretty.com\/#\/schema\/logo\/image\/","url":"https:\/\/www.mayoretty.com\/wp-content\/uploads\/2020\/06\/cropped-logo_complet-01.png","contentUrl":"https:\/\/www.mayoretty.com\/wp-content\/uploads\/2020\/06\/cropped-logo_complet-01.png","width":854,"height":329,"caption":"La mayor plataforma de comunicaci\u00f3n y publicidad en centros de fitness y wellness"},"image":{"@id":"https:\/\/www.mayoretty.com\/#\/schema\/logo\/image\/"}}]}},"jetpack_sharing_enabled":true,"jetpack_shortlink":"https:\/\/wp.me\/P5CDwf-6N","jetpack_likes_enabled":true,"_links":{"self":[{"href":"https:\/\/www.mayoretty.com\/index.php?rest_route=\/wp\/v2\/pages\/421","targetHints":{"allow":["GET"]}}],"collection":[{"href":"https:\/\/www.mayoretty.com\/index.php?rest_route=\/wp\/v2\/pages"}],"about":[{"href":"https:\/\/www.mayoretty.com\/index.php?rest_route=\/wp\/v2\/types\/page"}],"author":[{"embeddable":true,"href":"https:\/\/www.mayoretty.com\/index.php?rest_route=\/wp\/v2\/users\/1"}],"replies":[{"embeddable":true,"href":"https:\/\/www.mayoretty.com\/index.php?rest_route=%2Fwp%2Fv2%2Fcomments&post=421"}],"version-history":[{"count":3,"href":"https:\/\/www.mayoretty.com\/index.php?rest_route=\/wp\/v2\/pages\/421\/revisions"}],"predecessor-version":[{"id":586,"href":"https:\/\/www.mayoretty.com\/index.php?rest_route=\/wp\/v2\/pages\/421\/revisions\/586"}],"wp:attachment":[{"href":"https:\/\/www.mayoretty.com\/index.php?rest_route=%2Fwp%2Fv2%2Fmedia&parent=421"}],"curies":[{"name":"wp","href":"https:\/\/api.w.org\/{rel}","templated":true}]}}