{"id":467,"date":"2019-04-18T14:19:10","date_gmt":"2019-04-18T12:19:10","guid":{"rendered":"http:\/\/www.mayoretty.com\/?page_id=467"},"modified":"2020-05-27T14:24:59","modified_gmt":"2020-05-27T12:24:59","slug":"padel","status":"publish","type":"page","link":"https:\/\/www.mayoretty.com\/?page_id=467","title":{"rendered":"P\u00e1del"},"content":{"rendered":"<h1 style=\"text-align: left;\"><a href=\"http:\/\/www.mayoretty.com\/wp-content\/uploads\/2019\/04\/PADEL-01.jpg\"><img loading=\"lazy\" decoding=\"async\" class=\"alignnone size-full wp-image-496\" src=\"http:\/\/www.mayoretty.com\/wp-content\/uploads\/2019\/04\/PADEL-01.jpg\" alt=\"PADEL-01\" width=\"1251\" height=\"418\" srcset=\"https:\/\/www.mayoretty.com\/wp-content\/uploads\/2019\/04\/PADEL-01.jpg 1251w, https:\/\/www.mayoretty.com\/wp-content\/uploads\/2019\/04\/PADEL-01-300x100.jpg 300w, https:\/\/www.mayoretty.com\/wp-content\/uploads\/2019\/04\/PADEL-01-1024x342.jpg 1024w\" sizes=\"auto, (max-width: 1251px) 100vw, 1251px\" \/><\/a><\/h1>\n<h1 style=\"text-align: center;\">Contamos con <span style=\"color: #ff0000;\">+<\/span> de <span style=\"color: #ff0000;\">1.000<\/span>\u00a0clubes de p\u00e1del en<\/h1>\n<h2 style=\"text-align: center;\">clubes especializados y centros de fitness<\/h2>\n<p>Patrocinios de pistas, patrocinio de campeonatos, stand promocional, organizaci\u00f3n para torneos de las marcas, presentaci\u00f3n de producto\u2026 una gran abanico de posibilidades para impactar a un <i>target<\/i> altamente <i>definido<\/i><\/p>\n<p>IDEAL PARA: Automoci\u00f3n, Cosm\u00e9tica, Belleza, Alimentaci\u00f3n especialista y de gran consumo, Material deportivo, Turismo, Banca, Moda, Nutrici\u00f3n, Centros Formaci\u00f3n, Electr\u00f3nica, Energ\u00e9ticas, Farmac\u00e9uticas, Inmobiliarias, Salud, Seguros, Telefon\u00eda\u2026<\/p>\n<h3>Si eres una marca que quiere llegar a esta audiencia o bien quieres que te consigamos patrocinadores\/colaboradores&#8230;s\u00f3lo tienes que contactar con nosotros!<\/h3>\n<h2 style=\"text-align: right;\"><a title=\"Preparados, listos\u2026\" href=\"http:\/\/www.mayoretty.com\/?page_id=256\">CONTACTA!<\/a><\/h2>\n","protected":false},"excerpt":{"rendered":"<p>Contamos con + de 1.000\u00a0clubes de p\u00e1del en clubes especializados y centros de fitness Patrocinios de pistas, patrocinio de campeonatos, stand promocional, organizaci\u00f3n para torneos de las marcas, presentaci\u00f3n de producto\u2026 una gran abanico de posibilidades para impactar a un target altamente definido IDEAL PARA: Automoci\u00f3n, Cosm\u00e9tica, Belleza, Alimentaci\u00f3n especialista y de gran consumo, Material [&hellip;]<\/p>\n","protected":false},"author":1,"featured_media":0,"parent":0,"menu_order":0,"comment_status":"closed","ping_status":"closed","template":"","meta":{"footnotes":""},"class_list":["post-467","page","type-page","status-publish","czr-hentry"],"yoast_head":"<!-- This site is optimized with the Yoast SEO plugin v27.4 - https:\/\/yoast.com\/product\/yoast-seo-wordpress\/ -->\n<title>P\u00e1del - La mayor plataforma de comunicaci\u00f3n y publicidad en centros de fitness y wellness<\/title>\n<meta name=\"robots\" content=\"index, follow, max-snippet:-1, max-image-preview:large, max-video-preview:-1\" \/>\n<link rel=\"canonical\" href=\"https:\/\/www.mayoretty.com\/?page_id=467\" \/>\n<meta property=\"og:locale\" content=\"es_ES\" \/>\n<meta property=\"og:type\" content=\"article\" \/>\n<meta property=\"og:title\" content=\"P\u00e1del - La mayor plataforma de comunicaci\u00f3n y publicidad en centros de fitness y wellness\" \/>\n<meta property=\"og:description\" content=\"Contamos con + de 1.000\u00a0clubes de p\u00e1del en clubes especializados y centros de fitness Patrocinios de pistas, patrocinio de campeonatos, stand promocional, organizaci\u00f3n para torneos de las marcas, presentaci\u00f3n de producto\u2026 una gran abanico de posibilidades para impactar a un target altamente definido IDEAL PARA: Automoci\u00f3n, Cosm\u00e9tica, Belleza, Alimentaci\u00f3n especialista y de gran consumo, Material [&hellip;]\" \/>\n<meta property=\"og:url\" content=\"https:\/\/www.mayoretty.com\/?page_id=467\" \/>\n<meta property=\"og:site_name\" content=\"La mayor plataforma de comunicaci\u00f3n y publicidad en centros de fitness y wellness\" \/>\n<meta property=\"article:modified_time\" content=\"2020-05-27T12:24:59+00:00\" \/>\n<meta property=\"og:image\" content=\"https:\/\/www.mayoretty.com\/wp-content\/uploads\/2019\/04\/PADEL-01.jpg\" \/>\n\t<meta property=\"og:image:width\" content=\"1251\" \/>\n\t<meta property=\"og:image:height\" content=\"418\" \/>\n\t<meta property=\"og:image:type\" content=\"image\/jpeg\" \/>\n<meta name=\"twitter:card\" content=\"summary_large_image\" \/>\n<meta name=\"twitter:label1\" content=\"Tiempo de lectura\" \/>\n\t<meta name=\"twitter:data1\" content=\"1 minuto\" \/>\n<script type=\"application\/ld+json\" class=\"yoast-schema-graph\">{\"@context\":\"https:\\\/\\\/schema.org\",\"@graph\":[{\"@type\":\"WebPage\",\"@id\":\"https:\\\/\\\/www.mayoretty.com\\\/?page_id=467\",\"url\":\"https:\\\/\\\/www.mayoretty.com\\\/?page_id=467\",\"name\":\"P\u00e1del - La mayor plataforma de comunicaci\u00f3n y publicidad en centros de fitness y wellness\",\"isPartOf\":{\"@id\":\"https:\\\/\\\/www.mayoretty.com\\\/#website\"},\"primaryImageOfPage\":{\"@id\":\"https:\\\/\\\/www.mayoretty.com\\\/?page_id=467#primaryimage\"},\"image\":{\"@id\":\"https:\\\/\\\/www.mayoretty.com\\\/?page_id=467#primaryimage\"},\"thumbnailUrl\":\"http:\\\/\\\/www.mayoretty.com\\\/wp-content\\\/uploads\\\/2019\\\/04\\\/PADEL-01.jpg\",\"datePublished\":\"2019-04-18T12:19:10+00:00\",\"dateModified\":\"2020-05-27T12:24:59+00:00\",\"breadcrumb\":{\"@id\":\"https:\\\/\\\/www.mayoretty.com\\\/?page_id=467#breadcrumb\"},\"inLanguage\":\"es\",\"potentialAction\":[{\"@type\":\"ReadAction\",\"target\":[\"https:\\\/\\\/www.mayoretty.com\\\/?page_id=467\"]}]},{\"@type\":\"ImageObject\",\"inLanguage\":\"es\",\"@id\":\"https:\\\/\\\/www.mayoretty.com\\\/?page_id=467#primaryimage\",\"url\":\"http:\\\/\\\/www.mayoretty.com\\\/wp-content\\\/uploads\\\/2019\\\/04\\\/PADEL-01.jpg\",\"contentUrl\":\"http:\\\/\\\/www.mayoretty.com\\\/wp-content\\\/uploads\\\/2019\\\/04\\\/PADEL-01.jpg\"},{\"@type\":\"BreadcrumbList\",\"@id\":\"https:\\\/\\\/www.mayoretty.com\\\/?page_id=467#breadcrumb\",\"itemListElement\":[{\"@type\":\"ListItem\",\"position\":1,\"name\":\"Portada\",\"item\":\"https:\\\/\\\/www.mayoretty.com\\\/\"},{\"@type\":\"ListItem\",\"position\":2,\"name\":\"P\u00e1del\"}]},{\"@type\":\"WebSite\",\"@id\":\"https:\\\/\\\/www.mayoretty.com\\\/#website\",\"url\":\"https:\\\/\\\/www.mayoretty.com\\\/\",\"name\":\"La mayor plataforma de comunicaci\u00f3n y publicidad en centros de fitness y wellness\",\"description\":\"La mayor plataforma de comunicaci\u00f3n y publicidad en sector deportivo\",\"publisher\":{\"@id\":\"https:\\\/\\\/www.mayoretty.com\\\/#organization\"},\"potentialAction\":[{\"@type\":\"SearchAction\",\"target\":{\"@type\":\"EntryPoint\",\"urlTemplate\":\"https:\\\/\\\/www.mayoretty.com\\\/?s={search_term_string}\"},\"query-input\":{\"@type\":\"PropertyValueSpecification\",\"valueRequired\":true,\"valueName\":\"search_term_string\"}}],\"inLanguage\":\"es\"},{\"@type\":\"Organization\",\"@id\":\"https:\\\/\\\/www.mayoretty.com\\\/#organization\",\"name\":\"La mayor plataforma de comunicaci\u00f3n y publicidad en centros de fitness y wellness\",\"url\":\"https:\\\/\\\/www.mayoretty.com\\\/\",\"logo\":{\"@type\":\"ImageObject\",\"inLanguage\":\"es\",\"@id\":\"https:\\\/\\\/www.mayoretty.com\\\/#\\\/schema\\\/logo\\\/image\\\/\",\"url\":\"https:\\\/\\\/www.mayoretty.com\\\/wp-content\\\/uploads\\\/2020\\\/06\\\/cropped-logo_complet-01.png\",\"contentUrl\":\"https:\\\/\\\/www.mayoretty.com\\\/wp-content\\\/uploads\\\/2020\\\/06\\\/cropped-logo_complet-01.png\",\"width\":854,\"height\":329,\"caption\":\"La mayor plataforma de comunicaci\u00f3n y publicidad en centros de fitness y wellness\"},\"image\":{\"@id\":\"https:\\\/\\\/www.mayoretty.com\\\/#\\\/schema\\\/logo\\\/image\\\/\"}}]}<\/script>\n<!-- \/ Yoast SEO plugin. -->","yoast_head_json":{"title":"P\u00e1del - La mayor plataforma de comunicaci\u00f3n y publicidad en centros de fitness y wellness","robots":{"index":"index","follow":"follow","max-snippet":"max-snippet:-1","max-image-preview":"max-image-preview:large","max-video-preview":"max-video-preview:-1"},"canonical":"https:\/\/www.mayoretty.com\/?page_id=467","og_locale":"es_ES","og_type":"article","og_title":"P\u00e1del - La mayor plataforma de comunicaci\u00f3n y publicidad en centros de fitness y wellness","og_description":"Contamos con + de 1.000\u00a0clubes de p\u00e1del en clubes especializados y centros de fitness Patrocinios de pistas, patrocinio de campeonatos, stand promocional, organizaci\u00f3n para torneos de las marcas, presentaci\u00f3n de producto\u2026 una gran abanico de posibilidades para impactar a un target altamente definido IDEAL PARA: Automoci\u00f3n, Cosm\u00e9tica, Belleza, Alimentaci\u00f3n especialista y de gran consumo, Material [&hellip;]","og_url":"https:\/\/www.mayoretty.com\/?page_id=467","og_site_name":"La mayor plataforma de comunicaci\u00f3n y publicidad en centros de fitness y wellness","article_modified_time":"2020-05-27T12:24:59+00:00","og_image":[{"width":1251,"height":418,"url":"https:\/\/www.mayoretty.com\/wp-content\/uploads\/2019\/04\/PADEL-01.jpg","type":"image\/jpeg"}],"twitter_card":"summary_large_image","twitter_misc":{"Tiempo de lectura":"1 minuto"},"schema":{"@context":"https:\/\/schema.org","@graph":[{"@type":"WebPage","@id":"https:\/\/www.mayoretty.com\/?page_id=467","url":"https:\/\/www.mayoretty.com\/?page_id=467","name":"P\u00e1del - La mayor plataforma de comunicaci\u00f3n y publicidad en centros de fitness y wellness","isPartOf":{"@id":"https:\/\/www.mayoretty.com\/#website"},"primaryImageOfPage":{"@id":"https:\/\/www.mayoretty.com\/?page_id=467#primaryimage"},"image":{"@id":"https:\/\/www.mayoretty.com\/?page_id=467#primaryimage"},"thumbnailUrl":"http:\/\/www.mayoretty.com\/wp-content\/uploads\/2019\/04\/PADEL-01.jpg","datePublished":"2019-04-18T12:19:10+00:00","dateModified":"2020-05-27T12:24:59+00:00","breadcrumb":{"@id":"https:\/\/www.mayoretty.com\/?page_id=467#breadcrumb"},"inLanguage":"es","potentialAction":[{"@type":"ReadAction","target":["https:\/\/www.mayoretty.com\/?page_id=467"]}]},{"@type":"ImageObject","inLanguage":"es","@id":"https:\/\/www.mayoretty.com\/?page_id=467#primaryimage","url":"http:\/\/www.mayoretty.com\/wp-content\/uploads\/2019\/04\/PADEL-01.jpg","contentUrl":"http:\/\/www.mayoretty.com\/wp-content\/uploads\/2019\/04\/PADEL-01.jpg"},{"@type":"BreadcrumbList","@id":"https:\/\/www.mayoretty.com\/?page_id=467#breadcrumb","itemListElement":[{"@type":"ListItem","position":1,"name":"Portada","item":"https:\/\/www.mayoretty.com\/"},{"@type":"ListItem","position":2,"name":"P\u00e1del"}]},{"@type":"WebSite","@id":"https:\/\/www.mayoretty.com\/#website","url":"https:\/\/www.mayoretty.com\/","name":"La mayor plataforma de comunicaci\u00f3n y publicidad en centros de fitness y wellness","description":"La mayor plataforma de comunicaci\u00f3n y publicidad en sector deportivo","publisher":{"@id":"https:\/\/www.mayoretty.com\/#organization"},"potentialAction":[{"@type":"SearchAction","target":{"@type":"EntryPoint","urlTemplate":"https:\/\/www.mayoretty.com\/?s={search_term_string}"},"query-input":{"@type":"PropertyValueSpecification","valueRequired":true,"valueName":"search_term_string"}}],"inLanguage":"es"},{"@type":"Organization","@id":"https:\/\/www.mayoretty.com\/#organization","name":"La mayor plataforma de comunicaci\u00f3n y publicidad en centros de fitness y wellness","url":"https:\/\/www.mayoretty.com\/","logo":{"@type":"ImageObject","inLanguage":"es","@id":"https:\/\/www.mayoretty.com\/#\/schema\/logo\/image\/","url":"https:\/\/www.mayoretty.com\/wp-content\/uploads\/2020\/06\/cropped-logo_complet-01.png","contentUrl":"https:\/\/www.mayoretty.com\/wp-content\/uploads\/2020\/06\/cropped-logo_complet-01.png","width":854,"height":329,"caption":"La mayor plataforma de comunicaci\u00f3n y publicidad en centros de fitness y wellness"},"image":{"@id":"https:\/\/www.mayoretty.com\/#\/schema\/logo\/image\/"}}]}},"jetpack_sharing_enabled":true,"jetpack_shortlink":"https:\/\/wp.me\/P5CDwf-7x","jetpack_likes_enabled":true,"_links":{"self":[{"href":"https:\/\/www.mayoretty.com\/index.php?rest_route=\/wp\/v2\/pages\/467","targetHints":{"allow":["GET"]}}],"collection":[{"href":"https:\/\/www.mayoretty.com\/index.php?rest_route=\/wp\/v2\/pages"}],"about":[{"href":"https:\/\/www.mayoretty.com\/index.php?rest_route=\/wp\/v2\/types\/page"}],"author":[{"embeddable":true,"href":"https:\/\/www.mayoretty.com\/index.php?rest_route=\/wp\/v2\/users\/1"}],"replies":[{"embeddable":true,"href":"https:\/\/www.mayoretty.com\/index.php?rest_route=%2Fwp%2Fv2%2Fcomments&post=467"}],"version-history":[{"count":11,"href":"https:\/\/www.mayoretty.com\/index.php?rest_route=\/wp\/v2\/pages\/467\/revisions"}],"predecessor-version":[{"id":555,"href":"https:\/\/www.mayoretty.com\/index.php?rest_route=\/wp\/v2\/pages\/467\/revisions\/555"}],"wp:attachment":[{"href":"https:\/\/www.mayoretty.com\/index.php?rest_route=%2Fwp%2Fv2%2Fmedia&parent=467"}],"curies":[{"name":"wp","href":"https:\/\/api.w.org\/{rel}","templated":true}]}}